{"id":132,"date":"2021-02-18T15:07:14","date_gmt":"2021-02-18T15:07:14","guid":{"rendered":"https:\/\/www.campeggi.com\/?page_id=132"},"modified":"2021-08-16T13:24:01","modified_gmt":"2021-08-16T13:24:01","slug":"le-nostre-proposte-la-vacanza-su-misura-per-te","status":"publish","type":"page","link":"https:\/\/www.campeggi.com\/pl\/nasze-propozycje-wakacje-szyte-na-miare\/","title":{"rendered":"Ricerche tematiche"},"content":{"rendered":"\n<section><\/section>\n\n\n\n\n<section class=\"kc-slider-list\">\n\n\t\t<div class=\"kc-section-text-header \">\n\n\t\n\t\t\t<p class=\"kc-section-header-uppertitle\">Nadal szukasz inspiracji?<\/p>\n  \n  \t\t<h1 class=\"kc-section-header-title\">Do\u015bwiadczenia dopasowane do Ciebie<\/h1>\n  \n  \t\t<p class=\"kc-section-header-text\">Nasze propozycje wakacji oparte na Twoich zainteresowaniach i do\u015bwiadczeniach, kt\u00f3re chcesz prze\u017cy\u0107 ze swoimi towarzyszami podr\u00f3\u017cy.<\/p>\n  <\/div>\n\n\t\t\n<div class=\"kc-wrapper kc-thematic-searches kc-grid\">\n\n\t<div class=\"kc-cols kc-boxed\">\n\t\t\t\t\t<div class=\"kc-col one-third\">\n\t\t\t\t\n\t\t\t\t<a href=\"https:\/\/www.campeggi.com\/pl\/nasze-propozycje\/camping-holidays-na-wiosne-31326b\"\n\t\t\t\ttitle=\"Camping Holidays na wiosn\u0119\"\n\t\t\t\tclass=\"kc-card kc-card--vertical\" >\n\t\t\t\t\t<div class=\"kc-img-container\">\n\t\t\t\t\t\t<img class=\"kc-img-cover\"\n\t\t\t\t\t\tsrc=\"https:\/\/images.campeggi.com\/uka9bnUC9hhvMZmuJNnRC4LlmNc=\/fit-in\/600x0\/ntc.crweb.it\/dataManager\/public\/searches\/552_1488360040802.jpg\"\n\t\t\t\t\t\talt=\"Camping Holidays na wiosn\u0119\" \/>\n\t\t\t\t\t<\/div>\n\n\t\t\t\t\t<div class=\"kc-card-body-content\">\n\t\t\t\t\t\t<!-- <div class=\"kc-upper-title\"> <span class=\"r1\">TOP<\/span> <span class=\"r2\">20<\/span> <span class=\"r3\">KONSTRUKCJE<\/span> <\/div> -->\n\t\t\t\t\t\t<h4 class=\"kc-card-title\"> Camping Holidays na wiosn\u0119 <\/h4>\n\t\t\t\t\t\t<p><small> W tym dziale znajd\u0105 Pa\u0144stwo szeroki wyb\u00f3r najlepszych obiekt\u00f3w na pobyt podczas <span class=\"font azzurro\">wakacji wiosny<\/span> <\/small><\/p>\n\t\t\t\t\t<\/div>\n\t\t\t\t<\/a>\n\n\t\t\t<\/div>\n\t\t\t\t\t<div class=\"kc-col one-third\">\n\t\t\t\t\n\t\t\t\t<a href=\"https:\/\/www.campeggi.com\/pl\/nasze-propozycje\/kempingi-dla-rodzin-31386b\"\n\t\t\t\ttitle=\"Kempingi dla rodzin\"\n\t\t\t\tclass=\"kc-card kc-card--vertical\" >\n\t\t\t\t\t<div class=\"kc-img-container\">\n\t\t\t\t\t\t<img class=\"kc-img-cover\"\n\t\t\t\t\t\tsrc=\"https:\/\/images.campeggi.com\/_IJFvQI-zsd0DWhqc00cbIP2Le4=\/fit-in\/600x0\/ntc.crweb.it\/dataManager\/public\/searches\/1_1609834685676.jpg\"\n\t\t\t\t\t\talt=\"Kempingi dla rodzin\" \/>\n\t\t\t\t\t<\/div>\n\n\t\t\t\t\t<div class=\"kc-card-body-content\">\n\t\t\t\t\t\t<!-- <div class=\"kc-upper-title\"> <span class=\"r1\">TOP<\/span> <span class=\"r2\">30<\/span> <span class=\"r3\">KONSTRUKCJE<\/span> <\/div> -->\n\t\t\t\t\t\t<h4 class=\"kc-card-title\"> Kempingi dla rodzin <\/h4>\n\t\t\t\t\t\t<p><small> W tym dziale znajd\u0105 Pa\u0144stwo wyb\u00f3r najlepszego kempingi dla <span class=\"font azzurro\">rodzin<\/span> <\/small><\/p>\n\t\t\t\t\t<\/div>\n\t\t\t\t<\/a>\n\n\t\t\t<\/div>\n\t\t\t\t\t<div class=\"kc-col one-third\">\n\t\t\t\t\n\t\t\t\t<a href=\"https:\/\/www.campeggi.com\/pl\/nasze-propozycje\/smart-working-32366b\"\n\t\t\t\ttitle=\"Smart Working\"\n\t\t\t\tclass=\"kc-card kc-card--vertical\" >\n\t\t\t\t\t<div class=\"kc-img-container\">\n\t\t\t\t\t\t<img class=\"kc-img-cover\"\n\t\t\t\t\t\tsrc=\"https:\/\/images.campeggi.com\/fwFtU4SXGx68_uXB5keaIBOwpLA=\/fit-in\/600x0\/ntc.crweb.it\/dataManager\/public\/searches\/929_1618328662442.jpg\"\n\t\t\t\t\t\talt=\"Smart Working\" \/>\n\t\t\t\t\t<\/div>\n\n\t\t\t\t\t<div class=\"kc-card-body-content\">\n\t\t\t\t\t\t<!-- <div class=\"kc-upper-title\"> Smart Working <\/div> -->\n\t\t\t\t\t\t<h4 class=\"kc-card-title\"> Smart Working <\/h4>\n\t\t\t\t\t\t<p><small> Smart Working <\/small><\/p>\n\t\t\t\t\t<\/div>\n\t\t\t\t<\/a>\n\n\t\t\t<\/div>\n\t\t\t\t\t<div class=\"kc-col one-third\">\n\t\t\t\t\n\t\t\t\t<a href=\"https:\/\/www.campeggi.com\/pl\/nasze-propozycje\/kempingi-na-swieta-sportowe-32306b\"\n\t\t\t\ttitle=\"Kempingi na \u015bwi\u0119ta sportowe\"\n\t\t\t\tclass=\"kc-card kc-card--vertical\" >\n\t\t\t\t\t<div class=\"kc-img-container\">\n\t\t\t\t\t\t<img class=\"kc-img-cover\"\n\t\t\t\t\t\tsrc=\"https:\/\/images.campeggi.com\/k6U9FD5u9b9NLndOjJA36mm96Ok=\/fit-in\/600x0\/ntc.crweb.it\/dataManager\/public\/searches\/552_1525350428262.jpg\"\n\t\t\t\t\t\talt=\"Kempingi na \u015bwi\u0119ta sportowe\" \/>\n\t\t\t\t\t<\/div>\n\n\t\t\t\t\t<div class=\"kc-card-body-content\">\n\t\t\t\t\t\t<!-- <div class=\"kc-upper-title\"> <span class=\"r1\">TOP<\/span> <span class=\"r2\">15<\/span> <span class=\"r3\">KONSTRUKCJE<\/span> <\/div> -->\n\t\t\t\t\t\t<h4 class=\"kc-card-title\"> Kempingi na \u015bwi\u0119ta sportowe <\/h4>\n\t\t\t\t\t\t<p><small> W tym dziale znajda Panstwo szeroki wyb\u00f3r najlepszych obiekt\u00f3w do uprawiania <span class=\"font azzurro\">Sport\u00f3w<\/span> <\/small><\/p>\n\t\t\t\t\t<\/div>\n\t\t\t\t<\/a>\n\n\t\t\t<\/div>\n\t\t\t\t\t<div class=\"kc-col one-third\">\n\t\t\t\t\n\t\t\t\t<a href=\"https:\/\/www.campeggi.com\/pl\/nasze-propozycje\/z-video-z-drona-31366b\"\n\t\t\t\ttitle=\"Z Video z drona\"\n\t\t\t\tclass=\"kc-card kc-card--vertical\" >\n\t\t\t\t\t<div class=\"kc-img-container\">\n\t\t\t\t\t\t<img class=\"kc-img-cover\"\n\t\t\t\t\t\tsrc=\"https:\/\/images.campeggi.com\/JjH28mWI03X7ovwb4DCtbMHeDo4=\/fit-in\/600x0\/ntc.crweb.it\/dataManager\/public\/searches\/552_1511534833877.jpg\"\n\t\t\t\t\t\talt=\"Z Video z drona\" \/>\n\t\t\t\t\t<\/div>\n\n\t\t\t\t\t<div class=\"kc-card-body-content\">\n\t\t\t\t\t\t<!-- <div class=\"kc-upper-title\"> <span class=\"r1\">TOP<\/span> <span class=\"r2\">15<\/span> <span class=\"r3\">KONSTRUKCJE<\/span> <\/div> -->\n\t\t\t\t\t\t<h4 class=\"kc-card-title\"> Z Video z drona <\/h4>\n\t\t\t\t\t\t<p><small> W tym dziale znajd\u0105 Pa\u0144stwo wyb\u00f3r najlepszego <span class=\"font azzurro\">Video z drona<\/span>! <\/small><\/p>\n\t\t\t\t\t<\/div>\n\t\t\t\t<\/a>\n\n\t\t\t<\/div>\n\t\t\t\t\t<div class=\"kc-col one-third\">\n\t\t\t\t\n\t\t\t\t<a href=\"https:\/\/www.campeggi.com\/pl\/nasze-propozycje\/w-poblizu-mirabilandia-356b\"\n\t\t\t\ttitle=\"W pobli\u017cu Mirabilandia\"\n\t\t\t\tclass=\"kc-card kc-card--vertical\" >\n\t\t\t\t\t<div class=\"kc-img-container\">\n\t\t\t\t\t\t<img class=\"kc-img-cover\"\n\t\t\t\t\t\tsrc=\"https:\/\/images.campeggi.com\/Z6c8roT5PwLGvue4U8y9qNDHxeg=\/fit-in\/600x0\/ntc.crweb.it\/dataManager\/public\/searches\/1438864735544.jpg\"\n\t\t\t\t\t\talt=\"W pobli\u017cu Mirabilandia\" \/>\n\t\t\t\t\t<\/div>\n\n\t\t\t\t\t<div class=\"kc-card-body-content\">\n\t\t\t\t\t\t<!-- <div class=\"kc-upper-title\"> <span class=\"r1\">TOP<\/span> <span class=\"r2\">20<\/span> <span class=\"r3\">KONSTRUKCJE<\/span> <\/div> -->\n\t\t\t\t\t\t<h4 class=\"kc-card-title\"> W pobli\u017cu Mirabilandia <\/h4>\n\t\t\t\t\t\t<p><small> W tym dziale znajd\u0105 Pa\u0144stwo szeroki wyb\u00f3r najlepszych obiekt\u00f3w w pobli\u017cu <span class=\"font azzurro\">Mirabilandia<\/span> <\/small><\/p>\n\t\t\t\t\t<\/div>\n\t\t\t\t<\/a>\n\n\t\t\t<\/div>\n\t\t\t\t\t<div class=\"kc-col one-third\">\n\t\t\t\t\n\t\t\t\t<a href=\"https:\/\/www.campeggi.com\/pl\/nasze-propozycje\/w-poblizu-gardaland-346b\"\n\t\t\t\ttitle=\"W pobli\u017cu Gardaland\"\n\t\t\t\tclass=\"kc-card kc-card--vertical\" >\n\t\t\t\t\t<div class=\"kc-img-container\">\n\t\t\t\t\t\t<img class=\"kc-img-cover\"\n\t\t\t\t\t\tsrc=\"https:\/\/images.campeggi.com\/dGjAdNy3pW6HnrVg1jSYU6nt59U=\/fit-in\/600x0\/ntc.crweb.it\/dataManager\/public\/searches\/1438865008413.jpg\"\n\t\t\t\t\t\talt=\"W pobli\u017cu Gardaland\" \/>\n\t\t\t\t\t<\/div>\n\n\t\t\t\t\t<div class=\"kc-card-body-content\">\n\t\t\t\t\t\t<!-- <div class=\"kc-upper-title\"> <span class=\"r1\">TOP<\/span> <span class=\"r2\">20<\/span> <span class=\"r3\">KONSTRUKCJE<\/span> <\/div> -->\n\t\t\t\t\t\t<h4 class=\"kc-card-title\"> W pobli\u017cu Gardaland <\/h4>\n\t\t\t\t\t\t<p><small> W tym dziale znajd\u0105 Pa\u0144stwo szeroki wyb\u00f3r najlepszych obiekt\u00f3w w pobli\u017cu <span class=\"font azzurro\">Gardaland<\/span> <\/small><\/p>\n\t\t\t\t\t<\/div>\n\t\t\t\t<\/a>\n\n\t\t\t<\/div>\n\t\t\t\t\t<div class=\"kc-col one-third\">\n\t\t\t\t\n\t\t\t\t<a href=\"https:\/\/www.campeggi.com\/pl\/nasze-propozycje\/na-wakacje-z-4-nogami-przyjaciela-326b\"\n\t\t\t\ttitle=\"Na wakacje z 4 nogami przyjaciela\"\n\t\t\t\tclass=\"kc-card kc-card--vertical\" >\n\t\t\t\t\t<div class=\"kc-img-container\">\n\t\t\t\t\t\t<img class=\"kc-img-cover\"\n\t\t\t\t\t\tsrc=\"https:\/\/images.campeggi.com\/s1mkLluTr13YUPXJynrHFLawWbg=\/fit-in\/600x0\/ntc.crweb.it\/dataManager\/public\/searches\/1_1501570087874.jpg\"\n\t\t\t\t\t\talt=\"Na wakacje z 4 nogami przyjaciela\" \/>\n\t\t\t\t\t<\/div>\n\n\t\t\t\t\t<div class=\"kc-card-body-content\">\n\t\t\t\t\t\t<!-- <div class=\"kc-upper-title\"> <span class=\"r1\">TOP<\/span> <span class=\"r2\">25<\/span> <span class=\"r3\">KONSTRUKCJE<\/span> <\/div> -->\n\t\t\t\t\t\t<h4 class=\"kc-card-title\"> Na wakacje z 4 nogami przyjaciela <\/h4>\n\t\t\t\t\t\t<p><small> W tym dziale znajd\u0105 Pa\u0144stwo wyb\u00f3r najlepszego <span class=\"font azzurro\">dla niepe\u0142nosprawnych<\/span>! <\/small><\/p>\n\t\t\t\t\t<\/div>\n\t\t\t\t<\/a>\n\n\t\t\t<\/div>\n\t\t\t\t\t<div class=\"kc-col one-third\">\n\t\t\t\t\n\t\t\t\t<a href=\"https:\/\/www.campeggi.com\/pl\/nasze-propozycje\/kempingi-dostepne-dla-niepelnosprawnych-376b\"\n\t\t\t\ttitle=\"Kempingi dostepne dla niepelnosprawnych\"\n\t\t\t\tclass=\"kc-card kc-card--vertical\" >\n\t\t\t\t\t<div class=\"kc-img-container\">\n\t\t\t\t\t\t<img class=\"kc-img-cover\"\n\t\t\t\t\t\tsrc=\"https:\/\/images.campeggi.com\/exUHWq1daiPioMZuKT4bhIJsUeQ=\/fit-in\/600x0\/ntc.crweb.it\/dataManager\/public\/searches\/1_1501570397710.jpg\"\n\t\t\t\t\t\talt=\"Kempingi dostepne dla niepelnosprawnych\" \/>\n\t\t\t\t\t<\/div>\n\n\t\t\t\t\t<div class=\"kc-card-body-content\">\n\t\t\t\t\t\t<!-- <div class=\"kc-upper-title\"> <span class=\"r1\">TOP<\/span> <span class=\"r2\">15<\/span> <span class=\"r3\">KONSTRUKCJE<\/span> <\/div> -->\n\t\t\t\t\t\t<h4 class=\"kc-card-title\"> Kempingi dostepne dla niepelnosprawnych <\/h4>\n\t\t\t\t\t\t<p><small> W tym dziale znajda Panstwo szeroki wyb\u00f3r najlepszych urzadzen <span class=\"font azzurro\">Przystosowany dla os\u00f3b niepelnosprawnych<\/span> <\/small><\/p>\n\t\t\t\t\t<\/div>\n\t\t\t\t<\/a>\n\n\t\t\t<\/div>\n\t\t\t\t\t<div class=\"kc-col one-third\">\n\t\t\t\t\n\t\t\t\t<a href=\"https:\/\/www.campeggi.com\/pl\/nasze-propozycje\/camping-parki-z-basenami-386b\"\n\t\t\t\ttitle=\"Camping Parki z Basenami\"\n\t\t\t\tclass=\"kc-card kc-card--vertical\" >\n\t\t\t\t\t<div class=\"kc-img-container\">\n\t\t\t\t\t\t<img class=\"kc-img-cover\"\n\t\t\t\t\t\tsrc=\"https:\/\/images.campeggi.com\/l-r8muwdh7GTJ7BFH4swplPD1EA=\/fit-in\/600x0\/ntc.crweb.it\/dataManager\/public\/searches\/1438864594862.jpg\"\n\t\t\t\t\t\talt=\"Camping Parki z Basenami\" \/>\n\t\t\t\t\t<\/div>\n\n\t\t\t\t\t<div class=\"kc-card-body-content\">\n\t\t\t\t\t\t<!-- <div class=\"kc-upper-title\"> <span class=\"r1\">TOP<\/span> <span class=\"r2\">20<\/span> <span class=\"r3\">KONSTRUKCJE<\/span> <\/div> -->\n\t\t\t\t\t\t<h4 class=\"kc-card-title\"> Camping Parki z Basenami <\/h4>\n\t\t\t\t\t\t<p><small> W tym dziale znajd\u0105 Pa\u0144stwo szeroki wyb\u00f3r nocleg\u00f3w z najlepszych <span class=\"font azzurro\">Park\u00f3w Wodnych<\/span>! <\/small><\/p>\n\t\t\t\t\t<\/div>\n\t\t\t\t<\/a>\n\n\t\t\t<\/div>\n\t\t\t\t\t<div class=\"kc-col one-third\">\n\t\t\t\t\n\t\t\t\t<a href=\"https:\/\/www.campeggi.com\/pl\/nasze-propozycje\/z-kwaterami-typu-glamping-366b\"\n\t\t\t\ttitle=\"Z kwaterami typu glamping\"\n\t\t\t\tclass=\"kc-card kc-card--vertical\" >\n\t\t\t\t\t<div class=\"kc-img-container\">\n\t\t\t\t\t\t<img class=\"kc-img-cover\"\n\t\t\t\t\t\tsrc=\"https:\/\/images.campeggi.com\/TlMJVgzbiGMgVzhteKRF5VT1bN0=\/fit-in\/600x0\/ntc.crweb.it\/dataManager\/public\/searches\/1438864835731.jpg\"\n\t\t\t\t\t\talt=\"Z kwaterami typu glamping\" \/>\n\t\t\t\t\t<\/div>\n\n\t\t\t\t\t<div class=\"kc-card-body-content\">\n\t\t\t\t\t\t<!-- <div class=\"kc-upper-title\"> <span class=\"r1\">TOP<\/span> <span class=\"r2\">20<\/span> <span class=\"r3\">KONSTRUKCJE<\/span> <\/div> -->\n\t\t\t\t\t\t<h4 class=\"kc-card-title\"> Z kwaterami typu glamping <\/h4>\n\t\t\t\t\t\t<p><small> W tym dziale znajda Panstwo szeroki wyb\u00f3r najlepszych urzadzen <span class=\"font azzurro\">Glamping<\/span>! <\/small><\/p>\n\t\t\t\t\t<\/div>\n\t\t\t\t<\/a>\n\n\t\t\t<\/div>\n\t\t\t\t\t<div class=\"kc-col one-third\">\n\t\t\t\t\n\t\t\t\t<a href=\"https:\/\/www.campeggi.com\/pl\/nasze-propozycje\/kempingi-z-oryginalnymi-obiektami-zakwaterowania-31316b\"\n\t\t\t\ttitle=\"Kempingi z oryginalnymi obiektami zakwaterowania\"\n\t\t\t\tclass=\"kc-card kc-card--vertical\" >\n\t\t\t\t\t<div class=\"kc-img-container\">\n\t\t\t\t\t\t<img class=\"kc-img-cover\"\n\t\t\t\t\t\tsrc=\"https:\/\/images.campeggi.com\/ABBsIsUsZDURbQ9c0xFB4u8za24=\/fit-in\/600x0\/ntc.crweb.it\/dataManager\/public\/searches\/649_1459262047112.jpg\"\n\t\t\t\t\t\talt=\"Kempingi z oryginalnymi obiektami zakwaterowania\" \/>\n\t\t\t\t\t<\/div>\n\n\t\t\t\t\t<div class=\"kc-card-body-content\">\n\t\t\t\t\t\t<!-- <div class=\"kc-upper-title\"> <span class=\"r1\">TOP<\/span> <span class=\"r2\">10<\/span> <span class=\"r3\">KONSTRUKCJE<\/span> <\/div> -->\n\t\t\t\t\t\t<h4 class=\"kc-card-title\"> Kempingi z oryginalnymi obiektami zakwaterowania <\/h4>\n\t\t\t\t\t\t<p><small> W tej cz\u0119\u015bci znajd\u0105 Pa\u0144stwo wyb\u00f3r najlepszych obiekt\u00f3w z <span class=\"font azzurro\">oryginalnymi opcjami zakwaterowania<\/span> <\/small><\/p>\n\t\t\t\t\t<\/div>\n\t\t\t\t<\/a>\n\n\t\t\t<\/div>\n\t\t\t\t\t<div class=\"kc-col one-third\">\n\t\t\t\t\n\t\t\t\t<a href=\"https:\/\/www.campeggi.com\/pl\/nasze-propozycje\/kempingi-z-centrum-odnowy-biologicznej-336b\"\n\t\t\t\ttitle=\"Kempingi z centrum odnowy biologicznej\"\n\t\t\t\tclass=\"kc-card kc-card--vertical\" >\n\t\t\t\t\t<div class=\"kc-img-container\">\n\t\t\t\t\t\t<img class=\"kc-img-cover\"\n\t\t\t\t\t\tsrc=\"https:\/\/images.campeggi.com\/0c-EHb-xZvw0DR5DlEW8w1AM6q8=\/fit-in\/600x0\/ntc.crweb.it\/dataManager\/public\/searches\/1_1501570177175.jpg\"\n\t\t\t\t\t\talt=\"Kempingi z centrum odnowy biologicznej\" \/>\n\t\t\t\t\t<\/div>\n\n\t\t\t\t\t<div class=\"kc-card-body-content\">\n\t\t\t\t\t\t<!-- <div class=\"kc-upper-title\"> <span class=\"r1\">TOP<\/span> <span class=\"r2\">10<\/span> <span class=\"r3\">KONSTRUKCJE<\/span> <\/div> -->\n\t\t\t\t\t\t<h4 class=\"kc-card-title\"> Kempingi z centrum odnowy biologicznej <\/h4>\n\t\t\t\t\t\t<p><small> W tym dziale znajd\u0105 Pa\u0144stwo wyb\u00f3r najlepszego <span class=\"font azzurro\">Wellness<\/span>! <\/small><\/p>\n\t\t\t\t\t<\/div>\n\t\t\t\t<\/a>\n\n\t\t\t<\/div>\n\t\t\t\t\t<div class=\"kc-col one-third\">\n\t\t\t\t\n\t\t\t\t<a href=\"https:\/\/www.campeggi.com\/pl\/nasze-propozycje\/kempingi-w-poblizu-uzdrowisk-termalnych-31306b\"\n\t\t\t\ttitle=\"Kempingi w pobli\u017cu uzdrowisk termalnych\"\n\t\t\t\tclass=\"kc-card kc-card--vertical\" >\n\t\t\t\t\t<div class=\"kc-img-container\">\n\t\t\t\t\t\t<img class=\"kc-img-cover\"\n\t\t\t\t\t\tsrc=\"https:\/\/images.campeggi.com\/4RZ1PZu3HC0TFUChgFhGRqI-4Ic=\/fit-in\/600x0\/ntc.crweb.it\/dataManager\/public\/searches\/1_1501570573601.jpg\"\n\t\t\t\t\t\talt=\"Kempingi w pobli\u017cu uzdrowisk termalnych\" \/>\n\t\t\t\t\t<\/div>\n\n\t\t\t\t\t<div class=\"kc-card-body-content\">\n\t\t\t\t\t\t<!-- <div class=\"kc-upper-title\"> <span class=\"r1\">TOP<\/span> <span class=\"r2\">15<\/span> <span class=\"r3\">KONSTRUKCJE<\/span> <\/div> -->\n\t\t\t\t\t\t<h4 class=\"kc-card-title\"> Kempingi w pobli\u017cu uzdrowisk termalnych <\/h4>\n\t\t\t\t\t\t<p><small> W tej cz\u0119\u015bci znajd\u0105 Pa\u0144stwo szeroki wyb\u00f3r najlepszych obiekt\u00f3w po\u0142o\u017conych w pobli\u017cu  <span class=\"font azzurro\">uzdrowisk termalnych<\/span> <\/small><\/p>\n\t\t\t\t\t<\/div>\n\t\t\t\t<\/a>\n\n\t\t\t<\/div>\n\t\t\t\t\t<div class=\"kc-col one-third\">\n\t\t\t\t\n\t\t\t\t<a href=\"https:\/\/www.campeggi.com\/pl\/nasze-propozycje\/kempingi-i-wioski-wakacyjne-z-video-360-31356b\"\n\t\t\t\ttitle=\"Kempingi i wioski wakacyjne z Video 360\"\n\t\t\t\tclass=\"kc-card kc-card--vertical\" >\n\t\t\t\t\t<div class=\"kc-img-container\">\n\t\t\t\t\t\t<img class=\"kc-img-cover\"\n\t\t\t\t\t\tsrc=\"https:\/\/images.campeggi.com\/RYzbZ1ZmSYPcmY-tJD0ZGiyVJd8=\/fit-in\/600x0\/ntc.crweb.it\/dataManager\/public\/searches\/552_1511532029949.jpg\"\n\t\t\t\t\t\talt=\"Kempingi i wioski wakacyjne z Video 360\" \/>\n\t\t\t\t\t<\/div>\n\n\t\t\t\t\t<div class=\"kc-card-body-content\">\n\t\t\t\t\t\t<!-- <div class=\"kc-upper-title\"> <span class=\"r1\">TOP<\/span> <span class=\"r2\">10<\/span> <span class=\"r3\">KONSTRUKCJE<\/span> <\/div> -->\n\t\t\t\t\t\t<h4 class=\"kc-card-title\"> Kempingi i wioski wakacyjne z Video 360 <\/h4>\n\t\t\t\t\t\t<p><small> W tym dziale znajd\u0105 Pa\u0144stwo wyb\u00f3r najlepszego <span class=\"font azzurro\">Video 360<\/span>! <\/small><\/p>\n\t\t\t\t\t<\/div>\n\t\t\t\t<\/a>\n\n\t\t\t<\/div>\n\t\t\t\t\t<div class=\"kc-col one-third\">\n\t\t\t\t\n\t\t\t\t<a href=\"https:\/\/www.campeggi.com\/pl\/nasze-propozycje\/kempingi-dla-diving-31396b\"\n\t\t\t\ttitle=\"Kempingi dla Diving\"\n\t\t\t\tclass=\"kc-card kc-card--vertical\" >\n\t\t\t\t\t<div class=\"kc-img-container\">\n\t\t\t\t\t\t<img class=\"kc-img-cover\"\n\t\t\t\t\t\tsrc=\"https:\/\/images.campeggi.com\/gp4JyG2AUYkUjex0XKFAAqzfB4w=\/fit-in\/600x0\/ntc.crweb.it\/dataManager\/public\/searches\/552_1523450697972.jpg\"\n\t\t\t\t\t\talt=\"Kempingi dla Diving\" \/>\n\t\t\t\t\t<\/div>\n\n\t\t\t\t\t<div class=\"kc-card-body-content\">\n\t\t\t\t\t\t<!-- <div class=\"kc-upper-title\"> <span class=\"r1\">TOP<\/span><span class=\"r2\">30<\/span><span class=\"r3\">KONSTRUKCJE<\/span> <\/div> -->\n\t\t\t\t\t\t<h4 class=\"kc-card-title\"> Kempingi dla Diving <\/h4>\n\t\t\t\t\t\t<p><small> W tym dziale znajda Panstwo szeroki wyb\u00f3r najlepszych obiekt\u00f3w do uprawiania <span class=\"font azzurro\">Diving<\/span> <\/small><\/p>\n\t\t\t\t\t<\/div>\n\t\t\t\t<\/a>\n\n\t\t\t<\/div>\n\t\t\t\t\t<div class=\"kc-col one-third\">\n\t\t\t\t\n\t\t\t\t<a href=\"https:\/\/www.campeggi.com\/pl\/nasze-propozycje\/wyjazdy-na-narty-396b\"\n\t\t\t\ttitle=\"Wyjazdy na narty\"\n\t\t\t\tclass=\"kc-card kc-card--vertical\" >\n\t\t\t\t\t<div class=\"kc-img-container\">\n\t\t\t\t\t\t<img class=\"kc-img-cover\"\n\t\t\t\t\t\tsrc=\"https:\/\/images.campeggi.com\/jkMUwnXROENQiWEXBw2khqU616g=\/fit-in\/600x0\/ntc.crweb.it\/dataManager\/public\/searches\/1_1501570504974.jpg\"\n\t\t\t\t\t\talt=\"Wyjazdy na narty\" \/>\n\t\t\t\t\t<\/div>\n\n\t\t\t\t\t<div class=\"kc-card-body-content\">\n\t\t\t\t\t\t<!-- <div class=\"kc-upper-title\"> <span class=\"r1\">TOP<\/span> <span class=\"r2\">20<\/span> <span class=\"r3\">KONSTRUKCJE<\/span> <\/div> -->\n\t\t\t\t\t\t<h4 class=\"kc-card-title\"> Wyjazdy na narty <\/h4>\n\t\t\t\t\t\t<p><small> W tym dziale znajd\u0105 Pa\u0144stwo szeroki wyb\u00f3r najlepszych obiekt\u00f3w do uprawiania <span class=\"font azzurro\">Sport\u00f3w zimowych<\/span> <\/small><\/p>\n\t\t\t\t\t<\/div>\n\t\t\t\t<\/a>\n\n\t\t\t<\/div>\n\t\t\n\t<\/div>\n<\/div>\n\n<\/section>\n\n","protected":false},"excerpt":{"rendered":"","protected":false},"author":2,"featured_media":0,"parent":0,"menu_order":0,"comment_status":"closed","ping_status":"closed","template":"","meta":{"footnotes":""},"class_list":["post-132","page","type-page","status-publish","hentry"],"translation":{"provider":"WPGlobus","version":"3.0.2","language":"pl","enabled_languages":["it","en","de","nl","fr","da","es","pl","cs"],"languages":{"it":{"title":true,"content":true,"excerpt":false},"en":{"title":false,"content":false,"excerpt":false},"de":{"title":false,"content":false,"excerpt":false},"nl":{"title":false,"content":false,"excerpt":false},"fr":{"title":false,"content":false,"excerpt":false},"da":{"title":false,"content":false,"excerpt":false},"es":{"title":false,"content":false,"excerpt":false},"pl":{"title":false,"content":false,"excerpt":false},"cs":{"title":false,"content":false,"excerpt":false}}},"_links":{"self":[{"href":"https:\/\/www.campeggi.com\/pl\/wp-json\/wp\/v2\/pages\/132","targetHints":{"allow":["GET"]}}],"collection":[{"href":"https:\/\/www.campeggi.com\/pl\/wp-json\/wp\/v2\/pages"}],"about":[{"href":"https:\/\/www.campeggi.com\/pl\/wp-json\/wp\/v2\/types\/page"}],"author":[{"embeddable":true,"href":"https:\/\/www.campeggi.com\/pl\/wp-json\/wp\/v2\/users\/2"}],"replies":[{"embeddable":true,"href":"https:\/\/www.campeggi.com\/pl\/wp-json\/wp\/v2\/comments?post=132"}],"version-history":[{"count":2,"href":"https:\/\/www.campeggi.com\/pl\/wp-json\/wp\/v2\/pages\/132\/revisions"}],"predecessor-version":[{"id":159,"href":"https:\/\/www.campeggi.com\/pl\/wp-json\/wp\/v2\/pages\/132\/revisions\/159"}],"wp:attachment":[{"href":"https:\/\/www.campeggi.com\/pl\/wp-json\/wp\/v2\/media?parent=132"}],"curies":[{"name":"wp","href":"https:\/\/api.w.org\/{rel}","templated":true}]}}