{"id":132,"date":"2021-02-18T15:07:14","date_gmt":"2021-02-18T15:07:14","guid":{"rendered":"https:\/\/www.campeggi.com\/?page_id=132"},"modified":"2021-08-16T13:24:01","modified_gmt":"2021-08-16T13:24:01","slug":"le-nostre-proposte-la-vacanza-su-misura-per-te","status":"publish","type":"page","link":"https:\/\/www.campeggi.com\/fr\/nos-propositions-vos-vacances-sur-mesure\/","title":{"rendered":"Ricerche tematiche"},"content":{"rendered":"\n<section><\/section>\n\n\n\n\n<section class=\"kc-slider-list\">\n\n\t\t<div class=\"kc-section-text-header \">\n\n\t\n\t\t\t<p class=\"kc-section-header-uppertitle\">\u00cates-vous toujours \u00e0 la recherche d\u2019inspiration?<\/p>\n  \n  \t\t<h1 class=\"kc-section-header-title\">Des exp\u00e9riences adapt\u00e9es \u00e0 vous<\/h1>\n  \n  \t\t<p class=\"kc-section-header-text\">Nos propositions de vacances en fonction de vos int\u00e9r\u00eats et des exp\u00e9riences que vous souhaitez vivre avec vos compagnons de voyage.<\/p>\n  <\/div>\n\n\t\t\n<div class=\"kc-wrapper kc-thematic-searches kc-grid\">\n\n\t<div class=\"kc-cols kc-boxed\">\n\t\t\t\t\t<div class=\"kc-col one-third\">\n\t\t\t\t\n\t\t\t\t<a href=\"https:\/\/www.campeggi.com\/fr\/nos-propositions\/smart-working-32366b\"\n\t\t\t\ttitle=\"Smart Working\"\n\t\t\t\tclass=\"kc-card kc-card--vertical\" >\n\t\t\t\t\t<div class=\"kc-img-container\">\n\t\t\t\t\t\t<img class=\"kc-img-cover\"\n\t\t\t\t\t\tsrc=\"https:\/\/images.campeggi.com\/fwFtU4SXGx68_uXB5keaIBOwpLA=\/fit-in\/600x0\/ntc.crweb.it\/dataManager\/public\/searches\/929_1618328662442.jpg\"\n\t\t\t\t\t\talt=\"Smart Working\" \/>\n\t\t\t\t\t<\/div>\n\n\t\t\t\t\t<div class=\"kc-card-body-content\">\n\t\t\t\t\t\t<!-- <div class=\"kc-upper-title\"> Smart Working <\/div> -->\n\t\t\t\t\t\t<h4 class=\"kc-card-title\"> Smart Working <\/h4>\n\t\t\t\t\t\t<p><small> Smart Working <\/small><\/p>\n\t\t\t\t\t<\/div>\n\t\t\t\t<\/a>\n\n\t\t\t<\/div>\n\t\t\t\t\t<div class=\"kc-col one-third\">\n\t\t\t\t\n\t\t\t\t<a href=\"https:\/\/www.campeggi.com\/fr\/nos-propositions\/vacances-de-printemps-en-camping-31326b\"\n\t\t\t\ttitle=\"Vacances de Printemps en camping\"\n\t\t\t\tclass=\"kc-card kc-card--vertical\" >\n\t\t\t\t\t<div class=\"kc-img-container\">\n\t\t\t\t\t\t<img class=\"kc-img-cover\"\n\t\t\t\t\t\tsrc=\"https:\/\/images.campeggi.com\/uka9bnUC9hhvMZmuJNnRC4LlmNc=\/fit-in\/600x0\/ntc.crweb.it\/dataManager\/public\/searches\/552_1488360040802.jpg\"\n\t\t\t\t\t\talt=\"Vacances de Printemps en camping\" \/>\n\t\t\t\t\t<\/div>\n\n\t\t\t\t\t<div class=\"kc-card-body-content\">\n\t\t\t\t\t\t<!-- <div class=\"kc-upper-title\"> <span class=\"r1\">TOP<\/span> <span class=\"r2\">20<\/span> <span class=\"r3\">STRUCTURES<\/span> <\/div> -->\n\t\t\t\t\t\t<h4 class=\"kc-card-title\"> Vacances de Printemps en camping <\/h4>\n\t\t\t\t\t\t<p><small> Ici vous trouverez une s\u00e9l\u00e9ction de structures top o\u00f9 s\u00e9journer pendant les <span class=\"font azzurro\">Ponts de Printemps<\/span> <\/small><\/p>\n\t\t\t\t\t<\/div>\n\t\t\t\t<\/a>\n\n\t\t\t<\/div>\n\t\t\t\t\t<div class=\"kc-col one-third\">\n\t\t\t\t\n\t\t\t\t<a href=\"https:\/\/www.campeggi.com\/fr\/nos-propositions\/campings-pour-les-familles-31386b\"\n\t\t\t\ttitle=\"Campings pour les familles\"\n\t\t\t\tclass=\"kc-card kc-card--vertical\" >\n\t\t\t\t\t<div class=\"kc-img-container\">\n\t\t\t\t\t\t<img class=\"kc-img-cover\"\n\t\t\t\t\t\tsrc=\"https:\/\/images.campeggi.com\/_IJFvQI-zsd0DWhqc00cbIP2Le4=\/fit-in\/600x0\/ntc.crweb.it\/dataManager\/public\/searches\/1_1609834685676.jpg\"\n\t\t\t\t\t\talt=\"Campings pour les familles\" \/>\n\t\t\t\t\t<\/div>\n\n\t\t\t\t\t<div class=\"kc-card-body-content\">\n\t\t\t\t\t\t<!-- <div class=\"kc-upper-title\"> <span class=\"r1\">TOP<\/span> <span class=\"r2\">30<\/span> <span class=\"r3\">STRUCTURES<\/span> <\/div> -->\n\t\t\t\t\t\t<h4 class=\"kc-card-title\"> Campings pour les familles <\/h4>\n\t\t\t\t\t\t<p><small> Dans cette section, vous trouverez une s\u00e9lection des meilleurs structures <span class=\"font azzurro\">familles<\/span> <\/small><\/p>\n\t\t\t\t\t<\/div>\n\t\t\t\t<\/a>\n\n\t\t\t<\/div>\n\t\t\t\t\t<div class=\"kc-col one-third\">\n\t\t\t\t\n\t\t\t\t<a href=\"https:\/\/www.campeggi.com\/fr\/nos-propositions\/campings-avec-centre-de-bien-etre-336b\"\n\t\t\t\ttitle=\"Campings avec centre de Bien-\u00eatre\"\n\t\t\t\tclass=\"kc-card kc-card--vertical\" >\n\t\t\t\t\t<div class=\"kc-img-container\">\n\t\t\t\t\t\t<img class=\"kc-img-cover\"\n\t\t\t\t\t\tsrc=\"https:\/\/images.campeggi.com\/0c-EHb-xZvw0DR5DlEW8w1AM6q8=\/fit-in\/600x0\/ntc.crweb.it\/dataManager\/public\/searches\/1_1501570177175.jpg\"\n\t\t\t\t\t\talt=\"Campings avec centre de Bien-\u00eatre\" \/>\n\t\t\t\t\t<\/div>\n\n\t\t\t\t\t<div class=\"kc-card-body-content\">\n\t\t\t\t\t\t<!-- <div class=\"kc-upper-title\"> <span class=\"r1\">TOP<\/span> <span class=\"r2\">10<\/span> <span class=\"r3\">STRUCTURES<\/span> <\/div> -->\n\t\t\t\t\t\t<h4 class=\"kc-card-title\"> Campings avec centre de Bien-\u00eatre <\/h4>\n\t\t\t\t\t\t<p><small> Dans cette section, vous trouverez une s\u00e9lection des meilleurs structures <span class=\"font azzurro\">Wellness<\/span>! <\/small><\/p>\n\t\t\t\t\t<\/div>\n\t\t\t\t<\/a>\n\n\t\t\t<\/div>\n\t\t\t\t\t<div class=\"kc-col one-third\">\n\t\t\t\t\n\t\t\t\t<a href=\"https:\/\/www.campeggi.com\/fr\/nos-propositions\/campings-pres-des-thermes-31306b\"\n\t\t\t\ttitle=\"Campings pr\u00e8s des thermes\"\n\t\t\t\tclass=\"kc-card kc-card--vertical\" >\n\t\t\t\t\t<div class=\"kc-img-container\">\n\t\t\t\t\t\t<img class=\"kc-img-cover\"\n\t\t\t\t\t\tsrc=\"https:\/\/images.campeggi.com\/4RZ1PZu3HC0TFUChgFhGRqI-4Ic=\/fit-in\/600x0\/ntc.crweb.it\/dataManager\/public\/searches\/1_1501570573601.jpg\"\n\t\t\t\t\t\talt=\"Campings pr\u00e8s des thermes\" \/>\n\t\t\t\t\t<\/div>\n\n\t\t\t\t\t<div class=\"kc-card-body-content\">\n\t\t\t\t\t\t<!-- <div class=\"kc-upper-title\"> <span class=\"r1\">TOP<\/span> <span class=\"r2\">15<\/span> <span class=\"r3\">STRUCTURES<\/span> <\/div> -->\n\t\t\t\t\t\t<h4 class=\"kc-card-title\"> Campings pr\u00e8s des thermes <\/h4>\n\t\t\t\t\t\t<p><small> Dans cette section, vous trouverez une s\u00e9lection des meilleures structures parmi les plus proches aux <span class=\"font azzurro\">spas<\/span> <\/small><\/p>\n\t\t\t\t\t<\/div>\n\t\t\t\t<\/a>\n\n\t\t\t<\/div>\n\t\t\t\t\t<div class=\"kc-col one-third\">\n\t\t\t\t\n\t\t\t\t<a href=\"https:\/\/www.campeggi.com\/fr\/nos-propositions\/en-vacances-avec-votre-ami-a-4-pattes-326b\"\n\t\t\t\ttitle=\"En vacances avec votre ami \u00e0 4 pattes\"\n\t\t\t\tclass=\"kc-card kc-card--vertical\" >\n\t\t\t\t\t<div class=\"kc-img-container\">\n\t\t\t\t\t\t<img class=\"kc-img-cover\"\n\t\t\t\t\t\tsrc=\"https:\/\/images.campeggi.com\/s1mkLluTr13YUPXJynrHFLawWbg=\/fit-in\/600x0\/ntc.crweb.it\/dataManager\/public\/searches\/1_1501570087874.jpg\"\n\t\t\t\t\t\talt=\"En vacances avec votre ami \u00e0 4 pattes\" \/>\n\t\t\t\t\t<\/div>\n\n\t\t\t\t\t<div class=\"kc-card-body-content\">\n\t\t\t\t\t\t<!-- <div class=\"kc-upper-title\"> <span class=\"r1\">TOP<\/span> <span class=\"r2\">25<\/span> <span class=\"r3\">STRUCTURES<\/span> <\/div> -->\n\t\t\t\t\t\t<h4 class=\"kc-card-title\"> En vacances avec votre ami \u00e0 4 pattes <\/h4>\n\t\t\t\t\t\t<p><small> Dans cette section, vous trouverez une s\u00e9lection des meilleurs structures <span class=\"font azzurro\">amis des animaux<\/span>! <\/small><\/p>\n\t\t\t\t\t<\/div>\n\t\t\t\t<\/a>\n\n\t\t\t<\/div>\n\t\t\t\t\t<div class=\"kc-col one-third\">\n\t\t\t\t\n\t\t\t\t<a href=\"https:\/\/www.campeggi.com\/fr\/nos-propositions\/campings-accessible-aux-personnes-a-mobilite-reduite-376b\"\n\t\t\t\ttitle=\"Campings accessible aux personnes \u00e0 mobilit\u00e9 r\u00e9duite\"\n\t\t\t\tclass=\"kc-card kc-card--vertical\" >\n\t\t\t\t\t<div class=\"kc-img-container\">\n\t\t\t\t\t\t<img class=\"kc-img-cover\"\n\t\t\t\t\t\tsrc=\"https:\/\/images.campeggi.com\/exUHWq1daiPioMZuKT4bhIJsUeQ=\/fit-in\/600x0\/ntc.crweb.it\/dataManager\/public\/searches\/1_1501570397710.jpg\"\n\t\t\t\t\t\talt=\"Campings accessible aux personnes \u00e0 mobilit\u00e9 r\u00e9duite\" \/>\n\t\t\t\t\t<\/div>\n\n\t\t\t\t\t<div class=\"kc-card-body-content\">\n\t\t\t\t\t\t<!-- <div class=\"kc-upper-title\"> <span class=\"r1\">TOP<\/span> <span class=\"r2\">15<\/span> <span class=\"r3\">STRUCTURES<\/span> <\/div> -->\n\t\t\t\t\t\t<h4 class=\"kc-card-title\"> Campings accessible aux personnes \u00e0 mobilit\u00e9 r\u00e9duite <\/h4>\n\t\t\t\t\t\t<p><small> Dans cette section, vous trouverez une s\u00e9lection des meilleurs structures <span class=\"font azzurro\">Accessible aux personnes \u00e0 mobilit\u00e9 r\u00e9duite<\/span> <\/small><\/p>\n\t\t\t\t\t<\/div>\n\t\t\t\t<\/a>\n\n\t\t\t<\/div>\n\t\t\t\t\t<div class=\"kc-col one-third\">\n\t\t\t\t\n\t\t\t\t<a href=\"https:\/\/www.campeggi.com\/fr\/nos-propositions\/campings-pour-des-vacances-sportives-32306b\"\n\t\t\t\ttitle=\"Campings pour des vacances sportives\"\n\t\t\t\tclass=\"kc-card kc-card--vertical\" >\n\t\t\t\t\t<div class=\"kc-img-container\">\n\t\t\t\t\t\t<img class=\"kc-img-cover\"\n\t\t\t\t\t\tsrc=\"https:\/\/images.campeggi.com\/k6U9FD5u9b9NLndOjJA36mm96Ok=\/fit-in\/600x0\/ntc.crweb.it\/dataManager\/public\/searches\/552_1525350428262.jpg\"\n\t\t\t\t\t\talt=\"Campings pour des vacances sportives\" \/>\n\t\t\t\t\t<\/div>\n\n\t\t\t\t\t<div class=\"kc-card-body-content\">\n\t\t\t\t\t\t<!-- <div class=\"kc-upper-title\"> <span class=\"r1\">TOP<\/span> <span class=\"r2\">15<\/span> <span class=\"r3\">STRUCTURES<\/span> <\/div> -->\n\t\t\t\t\t\t<h4 class=\"kc-card-title\"> Campings pour des vacances sportives <\/h4>\n\t\t\t\t\t\t<p><small> Dans cette section, vous trouverez une s\u00e9lection des meilleurs \u00e9tablissements pour les <span class=\"font azzurro\">Vacances Sportives<\/span>. <\/small><\/p>\n\t\t\t\t\t<\/div>\n\t\t\t\t<\/a>\n\n\t\t\t<\/div>\n\t\t\t\t\t<div class=\"kc-col one-third\">\n\t\t\t\t\n\t\t\t\t<a href=\"https:\/\/www.campeggi.com\/fr\/nos-propositions\/campings-pour-diving-31396b\"\n\t\t\t\ttitle=\"Campings pour Diving\"\n\t\t\t\tclass=\"kc-card kc-card--vertical\" >\n\t\t\t\t\t<div class=\"kc-img-container\">\n\t\t\t\t\t\t<img class=\"kc-img-cover\"\n\t\t\t\t\t\tsrc=\"https:\/\/images.campeggi.com\/gp4JyG2AUYkUjex0XKFAAqzfB4w=\/fit-in\/600x0\/ntc.crweb.it\/dataManager\/public\/searches\/552_1523450697972.jpg\"\n\t\t\t\t\t\talt=\"Campings pour Diving\" \/>\n\t\t\t\t\t<\/div>\n\n\t\t\t\t\t<div class=\"kc-card-body-content\">\n\t\t\t\t\t\t<!-- <div class=\"kc-upper-title\"> <span class=\"r1\">TOP<\/span><span class=\"r2\">30<\/span><span class=\"r3\">STRUCTURES<\/span> <\/div> -->\n\t\t\t\t\t\t<h4 class=\"kc-card-title\"> Campings pour Diving <\/h4>\n\t\t\t\t\t\t<p><small> Dans cette section, vous trouverez une s\u00e9lection des meilleurs \u00e9tablissements pour les <span class=\"font azzurro\">Diving<\/span> <\/small><\/p>\n\t\t\t\t\t<\/div>\n\t\t\t\t<\/a>\n\n\t\t\t<\/div>\n\t\t\t\t\t<div class=\"kc-col one-third\">\n\t\t\t\t\n\t\t\t\t<a href=\"https:\/\/www.campeggi.com\/fr\/nos-propositions\/vacances-de-ski-396b\"\n\t\t\t\ttitle=\"Vacances de ski\"\n\t\t\t\tclass=\"kc-card kc-card--vertical\" >\n\t\t\t\t\t<div class=\"kc-img-container\">\n\t\t\t\t\t\t<img class=\"kc-img-cover\"\n\t\t\t\t\t\tsrc=\"https:\/\/images.campeggi.com\/jkMUwnXROENQiWEXBw2khqU616g=\/fit-in\/600x0\/ntc.crweb.it\/dataManager\/public\/searches\/1_1501570504974.jpg\"\n\t\t\t\t\t\talt=\"Vacances de ski\" \/>\n\t\t\t\t\t<\/div>\n\n\t\t\t\t\t<div class=\"kc-card-body-content\">\n\t\t\t\t\t\t<!-- <div class=\"kc-upper-title\"> <span class=\"r1\">TOP<\/span> <span class=\"r2\">20<\/span> <span class=\"r3\">STRUCTURES<\/span> <\/div> -->\n\t\t\t\t\t\t<h4 class=\"kc-card-title\"> Vacances de ski <\/h4>\n\t\t\t\t\t\t<p><small> Dans cette section, vous trouverez une s\u00e9lection des meilleurs \u00e9tablissements pour les <span class=\"font azzurro\">Sports d'hiver<\/span> <\/small><\/p>\n\t\t\t\t\t<\/div>\n\t\t\t\t<\/a>\n\n\t\t\t<\/div>\n\t\t\t\t\t<div class=\"kc-col one-third\">\n\t\t\t\t\n\t\t\t\t<a href=\"https:\/\/www.campeggi.com\/fr\/nos-propositions\/camping-a-proximite-de-mirabilandia-356b\"\n\t\t\t\ttitle=\"Camping \u00e0 proximit\u00e9 de Mirabilandia\"\n\t\t\t\tclass=\"kc-card kc-card--vertical\" >\n\t\t\t\t\t<div class=\"kc-img-container\">\n\t\t\t\t\t\t<img class=\"kc-img-cover\"\n\t\t\t\t\t\tsrc=\"https:\/\/images.campeggi.com\/Z6c8roT5PwLGvue4U8y9qNDHxeg=\/fit-in\/600x0\/ntc.crweb.it\/dataManager\/public\/searches\/1438864735544.jpg\"\n\t\t\t\t\t\talt=\"Camping \u00e0 proximit\u00e9 de Mirabilandia\" \/>\n\t\t\t\t\t<\/div>\n\n\t\t\t\t\t<div class=\"kc-card-body-content\">\n\t\t\t\t\t\t<!-- <div class=\"kc-upper-title\"> <span class=\"r1\">TOP<\/span> <span class=\"r2\">20<\/span> <span class=\"r3\">STRUCTURES<\/span> <\/div> -->\n\t\t\t\t\t\t<h4 class=\"kc-card-title\"> Camping \u00e0 proximit\u00e9 de Mirabilandia <\/h4>\n\t\t\t\t\t\t<p><small> Dans cette section, vous trouverez une s\u00e9lection des meilleurs \u00e9tablissements dans les environs de <span class=\"font azzurro\">Mirabilandia<\/span> <\/small><\/p>\n\t\t\t\t\t<\/div>\n\t\t\t\t<\/a>\n\n\t\t\t<\/div>\n\t\t\t\t\t<div class=\"kc-col one-third\">\n\t\t\t\t\n\t\t\t\t<a href=\"https:\/\/www.campeggi.com\/fr\/nos-propositions\/campings-et-villages-avec-ecran-drone-31366b\"\n\t\t\t\ttitle=\"Campings et villages avec \u00c9cran Drone\"\n\t\t\t\tclass=\"kc-card kc-card--vertical\" >\n\t\t\t\t\t<div class=\"kc-img-container\">\n\t\t\t\t\t\t<img class=\"kc-img-cover\"\n\t\t\t\t\t\tsrc=\"https:\/\/images.campeggi.com\/JjH28mWI03X7ovwb4DCtbMHeDo4=\/fit-in\/600x0\/ntc.crweb.it\/dataManager\/public\/searches\/552_1511534833877.jpg\"\n\t\t\t\t\t\talt=\"Campings et villages avec \u00c9cran Drone\" \/>\n\t\t\t\t\t<\/div>\n\n\t\t\t\t\t<div class=\"kc-card-body-content\">\n\t\t\t\t\t\t<!-- <div class=\"kc-upper-title\"> <span class=\"r1\">TOP<\/span> <span class=\"r2\">15<\/span> <span class=\"r3\">STRUCTURES<\/span> <\/div> -->\n\t\t\t\t\t\t<h4 class=\"kc-card-title\"> Campings et villages avec \u00c9cran Drone <\/h4>\n\t\t\t\t\t\t<p><small> Dans cette section, vous trouverez une s\u00e9lection des meilleurs structures avec <span class=\"font azzurro\">Drone<\/span>! <\/small><\/p>\n\t\t\t\t\t<\/div>\n\t\t\t\t<\/a>\n\n\t\t\t<\/div>\n\t\t\t\t\t<div class=\"kc-col one-third\">\n\t\t\t\t\n\t\t\t\t<a href=\"https:\/\/www.campeggi.com\/fr\/nos-propositions\/campings-et-villages-avec-ecran-360-31356b\"\n\t\t\t\ttitle=\"Campings et villages avec \u00c9cran 360\"\n\t\t\t\tclass=\"kc-card kc-card--vertical\" >\n\t\t\t\t\t<div class=\"kc-img-container\">\n\t\t\t\t\t\t<img class=\"kc-img-cover\"\n\t\t\t\t\t\tsrc=\"https:\/\/images.campeggi.com\/RYzbZ1ZmSYPcmY-tJD0ZGiyVJd8=\/fit-in\/600x0\/ntc.crweb.it\/dataManager\/public\/searches\/552_1511532029949.jpg\"\n\t\t\t\t\t\talt=\"Campings et villages avec \u00c9cran 360\" \/>\n\t\t\t\t\t<\/div>\n\n\t\t\t\t\t<div class=\"kc-card-body-content\">\n\t\t\t\t\t\t<!-- <div class=\"kc-upper-title\"> <span class=\"r1\">TOP<\/span> <span class=\"r2\">10<\/span> <span class=\"r3\">STRUCTURES<\/span> <\/div> -->\n\t\t\t\t\t\t<h4 class=\"kc-card-title\"> Campings et villages avec \u00c9cran 360 <\/h4>\n\t\t\t\t\t\t<p><small> Dans cette section, vous trouverez une s\u00e9lection des meilleurs structures avec <span class=\"font azzurro\">\u00c9cran 360<\/span>! <\/small><\/p>\n\t\t\t\t\t<\/div>\n\t\t\t\t<\/a>\n\n\t\t\t<\/div>\n\t\t\t\t\t<div class=\"kc-col one-third\">\n\t\t\t\t\n\t\t\t\t<a href=\"https:\/\/www.campeggi.com\/fr\/nos-propositions\/vacances-glamping-366b\"\n\t\t\t\ttitle=\"Vacances Glamping\"\n\t\t\t\tclass=\"kc-card kc-card--vertical\" >\n\t\t\t\t\t<div class=\"kc-img-container\">\n\t\t\t\t\t\t<img class=\"kc-img-cover\"\n\t\t\t\t\t\tsrc=\"https:\/\/images.campeggi.com\/TlMJVgzbiGMgVzhteKRF5VT1bN0=\/fit-in\/600x0\/ntc.crweb.it\/dataManager\/public\/searches\/1438864835731.jpg\"\n\t\t\t\t\t\talt=\"Vacances Glamping\" \/>\n\t\t\t\t\t<\/div>\n\n\t\t\t\t\t<div class=\"kc-card-body-content\">\n\t\t\t\t\t\t<!-- <div class=\"kc-upper-title\"> <span class=\"r1\">TOP<\/span> <span class=\"r2\">20<\/span> <span class=\"r3\">STRUCTURES<\/span> <\/div> -->\n\t\t\t\t\t\t<h4 class=\"kc-card-title\"> Vacances Glamping <\/h4>\n\t\t\t\t\t\t<p><small> Dans cette section, vous trouverez une s\u00e9lection des meilleurs structures <span class=\"font azzurro\">Glamping<\/span>! <\/small><\/p>\n\t\t\t\t\t<\/div>\n\t\t\t\t<\/a>\n\n\t\t\t<\/div>\n\t\t\t\t\t<div class=\"kc-col one-third\">\n\t\t\t\t\n\t\t\t\t<a href=\"https:\/\/www.campeggi.com\/fr\/nos-propositions\/campings-avec-parcs-aquatiques-386b\"\n\t\t\t\ttitle=\"Campings avec Parcs Aquatiques\"\n\t\t\t\tclass=\"kc-card kc-card--vertical\" >\n\t\t\t\t\t<div class=\"kc-img-container\">\n\t\t\t\t\t\t<img class=\"kc-img-cover\"\n\t\t\t\t\t\tsrc=\"https:\/\/images.campeggi.com\/l-r8muwdh7GTJ7BFH4swplPD1EA=\/fit-in\/600x0\/ntc.crweb.it\/dataManager\/public\/searches\/1438864594862.jpg\"\n\t\t\t\t\t\talt=\"Campings avec Parcs Aquatiques\" \/>\n\t\t\t\t\t<\/div>\n\n\t\t\t\t\t<div class=\"kc-card-body-content\">\n\t\t\t\t\t\t<!-- <div class=\"kc-upper-title\"> <span class=\"r1\">TOP<\/span> <span class=\"r2\">20<\/span> <span class=\"r3\">STRUCTURES<\/span> <\/div> -->\n\t\t\t\t\t\t<h4 class=\"kc-card-title\"> Campings avec Parcs Aquatiques <\/h4>\n\t\t\t\t\t\t<p><small> Ici vous trouverez une s\u00e9lection de structures avec les meilleurs <span class=\"font azzurro\">Parcs Aquatiques<\/span>! <\/small><\/p>\n\t\t\t\t\t<\/div>\n\t\t\t\t<\/a>\n\n\t\t\t<\/div>\n\t\t\t\t\t<div class=\"kc-col one-third\">\n\t\t\t\t\n\t\t\t\t<a href=\"https:\/\/www.campeggi.com\/fr\/nos-propositions\/campings-avec-hebergements-originaux-31316b\"\n\t\t\t\ttitle=\"Campings avec h\u00e9bergements originaux\"\n\t\t\t\tclass=\"kc-card kc-card--vertical\" >\n\t\t\t\t\t<div class=\"kc-img-container\">\n\t\t\t\t\t\t<img class=\"kc-img-cover\"\n\t\t\t\t\t\tsrc=\"https:\/\/images.campeggi.com\/ABBsIsUsZDURbQ9c0xFB4u8za24=\/fit-in\/600x0\/ntc.crweb.it\/dataManager\/public\/searches\/649_1459262047112.jpg\"\n\t\t\t\t\t\talt=\"Campings avec h\u00e9bergements originaux\" \/>\n\t\t\t\t\t<\/div>\n\n\t\t\t\t\t<div class=\"kc-card-body-content\">\n\t\t\t\t\t\t<!-- <div class=\"kc-upper-title\"> <span class=\"r1\">TOP<\/span> <span class=\"r2\">10<\/span> <span class=\"r3\">STRUCTURES<\/span> <\/div> -->\n\t\t\t\t\t\t<h4 class=\"kc-card-title\"> Campings avec h\u00e9bergements originaux <\/h4>\n\t\t\t\t\t\t<p><small> Dans cette section, vous trouverez une s\u00e9lection des meilleures campings avec <span class=\"font azzurro\">h\u00e9bergements originaux<\/span> <\/small><\/p>\n\t\t\t\t\t<\/div>\n\t\t\t\t<\/a>\n\n\t\t\t<\/div>\n\t\t\t\t\t<div class=\"kc-col one-third\">\n\t\t\t\t\n\t\t\t\t<a href=\"https:\/\/www.campeggi.com\/fr\/nos-propositions\/a-proximite-de-gardaland-346b\"\n\t\t\t\ttitle=\"A proximit\u00e9 de Gardaland\"\n\t\t\t\tclass=\"kc-card kc-card--vertical\" >\n\t\t\t\t\t<div class=\"kc-img-container\">\n\t\t\t\t\t\t<img class=\"kc-img-cover\"\n\t\t\t\t\t\tsrc=\"https:\/\/images.campeggi.com\/dGjAdNy3pW6HnrVg1jSYU6nt59U=\/fit-in\/600x0\/ntc.crweb.it\/dataManager\/public\/searches\/1438865008413.jpg\"\n\t\t\t\t\t\talt=\"A proximit\u00e9 de Gardaland\" \/>\n\t\t\t\t\t<\/div>\n\n\t\t\t\t\t<div class=\"kc-card-body-content\">\n\t\t\t\t\t\t<!-- <div class=\"kc-upper-title\"> <span class=\"r1\">TOP<\/span> <span class=\"r2\">20<\/span> <span class=\"r3\">STRUCTURES<\/span> <\/div> -->\n\t\t\t\t\t\t<h4 class=\"kc-card-title\"> A proximit\u00e9 de Gardaland <\/h4>\n\t\t\t\t\t\t<p><small> Dans cette section, vous trouverez une s\u00e9lection des meilleurs \u00e9tablissements dans les environs de <span class=\"font azzurro\">Gardaland<\/span> <\/small><\/p>\n\t\t\t\t\t<\/div>\n\t\t\t\t<\/a>\n\n\t\t\t<\/div>\n\t\t\n\t<\/div>\n<\/div>\n\n<\/section>\n\n","protected":false},"excerpt":{"rendered":"","protected":false},"author":2,"featured_media":0,"parent":0,"menu_order":0,"comment_status":"closed","ping_status":"closed","template":"","meta":{"footnotes":""},"class_list":["post-132","page","type-page","status-publish","hentry"],"translation":{"provider":"WPGlobus","version":"3.0.2","language":"fr","enabled_languages":["it","en","de","nl","fr","da","es","pl","cs"],"languages":{"it":{"title":true,"content":true,"excerpt":false},"en":{"title":false,"content":false,"excerpt":false},"de":{"title":false,"content":false,"excerpt":false},"nl":{"title":false,"content":false,"excerpt":false},"fr":{"title":false,"content":false,"excerpt":false},"da":{"title":false,"content":false,"excerpt":false},"es":{"title":false,"content":false,"excerpt":false},"pl":{"title":false,"content":false,"excerpt":false},"cs":{"title":false,"content":false,"excerpt":false}}},"_links":{"self":[{"href":"https:\/\/www.campeggi.com\/fr\/wp-json\/wp\/v2\/pages\/132","targetHints":{"allow":["GET"]}}],"collection":[{"href":"https:\/\/www.campeggi.com\/fr\/wp-json\/wp\/v2\/pages"}],"about":[{"href":"https:\/\/www.campeggi.com\/fr\/wp-json\/wp\/v2\/types\/page"}],"author":[{"embeddable":true,"href":"https:\/\/www.campeggi.com\/fr\/wp-json\/wp\/v2\/users\/2"}],"replies":[{"embeddable":true,"href":"https:\/\/www.campeggi.com\/fr\/wp-json\/wp\/v2\/comments?post=132"}],"version-history":[{"count":2,"href":"https:\/\/www.campeggi.com\/fr\/wp-json\/wp\/v2\/pages\/132\/revisions"}],"predecessor-version":[{"id":159,"href":"https:\/\/www.campeggi.com\/fr\/wp-json\/wp\/v2\/pages\/132\/revisions\/159"}],"wp:attachment":[{"href":"https:\/\/www.campeggi.com\/fr\/wp-json\/wp\/v2\/media?parent=132"}],"curies":[{"name":"wp","href":"https:\/\/api.w.org\/{rel}","templated":true}]}}