{"id":132,"date":"2021-02-18T15:07:14","date_gmt":"2021-02-18T15:07:14","guid":{"rendered":"https:\/\/www.campeggi.com\/?page_id=132"},"modified":"2021-08-16T13:24:01","modified_gmt":"2021-08-16T13:24:01","slug":"le-nostre-proposte-la-vacanza-su-misura-per-te","status":"publish","type":"page","link":"https:\/\/www.campeggi.com\/es\/nuestras-propuestas-vacaciones-a-medida-para-ti\/","title":{"rendered":"Ricerche tematiche"},"content":{"rendered":"\n<section><\/section>\n\n\n\n\n<section class=\"kc-slider-list\">\n\n\t\t<div class=\"kc-section-text-header \">\n\n\t\n\t\t\t<p class=\"kc-section-header-uppertitle\">\u00bfSigues buscando inspiraci\u00f3n?<\/p>\n  \n  \t\t<h1 class=\"kc-section-header-title\">Experiencias a tu medida<\/h1>\n  \n  \t\t<p class=\"kc-section-header-text\">Nuestras propuestas vacacionales basadas en tus intereses y las experiencias que quieras vivir con tus compa\u00f1eros de viaje.<\/p>\n  <\/div>\n\n\t\t\n<div class=\"kc-wrapper kc-thematic-searches kc-grid\">\n\n\t<div class=\"kc-cols kc-boxed\">\n\t\t\t\t\t<div class=\"kc-col one-third\">\n\t\t\t\t\n\t\t\t\t<a href=\"https:\/\/www.campeggi.com\/es\/nuestras-propuestas\/smart-working-32366b\"\n\t\t\t\ttitle=\"Smart Working\"\n\t\t\t\tclass=\"kc-card kc-card--vertical\" >\n\t\t\t\t\t<div class=\"kc-img-container\">\n\t\t\t\t\t\t<img class=\"kc-img-cover\"\n\t\t\t\t\t\tsrc=\"https:\/\/images.campeggi.com\/fwFtU4SXGx68_uXB5keaIBOwpLA=\/fit-in\/600x0\/ntc.crweb.it\/dataManager\/public\/searches\/929_1618328662442.jpg\"\n\t\t\t\t\t\talt=\"Smart Working\" \/>\n\t\t\t\t\t<\/div>\n\n\t\t\t\t\t<div class=\"kc-card-body-content\">\n\t\t\t\t\t\t<!-- <div class=\"kc-upper-title\"> Smart Working <\/div> -->\n\t\t\t\t\t\t<h4 class=\"kc-card-title\"> Smart Working <\/h4>\n\t\t\t\t\t\t<p><small> Smart Working <\/small><\/p>\n\t\t\t\t\t<\/div>\n\t\t\t\t<\/a>\n\n\t\t\t<\/div>\n\t\t\t\t\t<div class=\"kc-col one-third\">\n\t\t\t\t\n\t\t\t\t<a href=\"https:\/\/www.campeggi.com\/es\/nuestras-propuestas\/vacaciones-en-camping-en-primavera-31326b\"\n\t\t\t\ttitle=\"Vacaciones en camping en primavera\"\n\t\t\t\tclass=\"kc-card kc-card--vertical\" >\n\t\t\t\t\t<div class=\"kc-img-container\">\n\t\t\t\t\t\t<img class=\"kc-img-cover\"\n\t\t\t\t\t\tsrc=\"https:\/\/images.campeggi.com\/uka9bnUC9hhvMZmuJNnRC4LlmNc=\/fit-in\/600x0\/ntc.crweb.it\/dataManager\/public\/searches\/552_1488360040802.jpg\"\n\t\t\t\t\t\talt=\"Vacaciones en camping en primavera\" \/>\n\t\t\t\t\t<\/div>\n\n\t\t\t\t\t<div class=\"kc-card-body-content\">\n\t\t\t\t\t\t<!-- <div class=\"kc-upper-title\"> <span class=\"r1\">TOP<\/span> <span class=\"r2\">20<\/span> <span class=\"r3\">ESTRUCTURAS<\/span> <\/div> -->\n\t\t\t\t\t\t<h4 class=\"kc-card-title\"> Vacaciones en camping en primavera <\/h4>\n\t\t\t\t\t\t<p><small> En esta secci\u00f3n encontrar\u00e1 una selecci\u00f3n de las mejores instalaciones para alojarse durante las <span class=\"font azzurro\">vacaciones de primavera<\/span> <\/small><\/p>\n\t\t\t\t\t<\/div>\n\t\t\t\t<\/a>\n\n\t\t\t<\/div>\n\t\t\t\t\t<div class=\"kc-col one-third\">\n\t\t\t\t\n\t\t\t\t<a href=\"https:\/\/www.campeggi.com\/es\/nuestras-propuestas\/campings-para-familias-31386b\"\n\t\t\t\ttitle=\"Campings para familias\"\n\t\t\t\tclass=\"kc-card kc-card--vertical\" >\n\t\t\t\t\t<div class=\"kc-img-container\">\n\t\t\t\t\t\t<img class=\"kc-img-cover\"\n\t\t\t\t\t\tsrc=\"https:\/\/images.campeggi.com\/_IJFvQI-zsd0DWhqc00cbIP2Le4=\/fit-in\/600x0\/ntc.crweb.it\/dataManager\/public\/searches\/1_1609834685676.jpg\"\n\t\t\t\t\t\talt=\"Campings para familias\" \/>\n\t\t\t\t\t<\/div>\n\n\t\t\t\t\t<div class=\"kc-card-body-content\">\n\t\t\t\t\t\t<!-- <div class=\"kc-upper-title\"> <span class=\"r1\">TOP<\/span> <span class=\"r2\">30<\/span> <span class=\"r3\">ESTRUCTURAS<\/span> <\/div> -->\n\t\t\t\t\t\t<h4 class=\"kc-card-title\"> Campings para familias <\/h4>\n\t\t\t\t\t\t<p><small> En esta secci\u00f3n encontrar\u00e1s una selecci\u00f3n de los mejores campings para <span class=\"font azzurro\">familias<\/span> <\/small><\/p>\n\t\t\t\t\t<\/div>\n\t\t\t\t<\/a>\n\n\t\t\t<\/div>\n\t\t\t\t\t<div class=\"kc-col one-third\">\n\t\t\t\t\n\t\t\t\t<a href=\"https:\/\/www.campeggi.com\/es\/nuestras-propuestas\/de-vacaciones-con-tu-amigo-de-4-patas-326b\"\n\t\t\t\ttitle=\"De vacaciones con tu amigo de 4 patas\"\n\t\t\t\tclass=\"kc-card kc-card--vertical\" >\n\t\t\t\t\t<div class=\"kc-img-container\">\n\t\t\t\t\t\t<img class=\"kc-img-cover\"\n\t\t\t\t\t\tsrc=\"https:\/\/images.campeggi.com\/s1mkLluTr13YUPXJynrHFLawWbg=\/fit-in\/600x0\/ntc.crweb.it\/dataManager\/public\/searches\/1_1501570087874.jpg\"\n\t\t\t\t\t\talt=\"De vacaciones con tu amigo de 4 patas\" \/>\n\t\t\t\t\t<\/div>\n\n\t\t\t\t\t<div class=\"kc-card-body-content\">\n\t\t\t\t\t\t<!-- <div class=\"kc-upper-title\"> <span class=\"r1\">TOP<\/span> <span class=\"r2\">25<\/span> <span class=\"r3\">ESTRUCTURAS<\/span> <\/div> -->\n\t\t\t\t\t\t<h4 class=\"kc-card-title\"> De vacaciones con tu amigo de 4 patas <\/h4>\n\t\t\t\t\t\t<p><small> En esta secci\u00f3n encontrar\u00e1s una selecci\u00f3n de los mejores <span class=\"font azzurro\">Pet Friendly<\/span>! <\/small><\/p>\n\t\t\t\t\t<\/div>\n\t\t\t\t<\/a>\n\n\t\t\t<\/div>\n\t\t\t\t\t<div class=\"kc-col one-third\">\n\t\t\t\t\n\t\t\t\t<a href=\"https:\/\/www.campeggi.com\/es\/nuestras-propuestas\/camping-con-parques-piscinas-386b\"\n\t\t\t\ttitle=\"Camping con Parques Piscinas\"\n\t\t\t\tclass=\"kc-card kc-card--vertical\" >\n\t\t\t\t\t<div class=\"kc-img-container\">\n\t\t\t\t\t\t<img class=\"kc-img-cover\"\n\t\t\t\t\t\tsrc=\"https:\/\/images.campeggi.com\/l-r8muwdh7GTJ7BFH4swplPD1EA=\/fit-in\/600x0\/ntc.crweb.it\/dataManager\/public\/searches\/1438864594862.jpg\"\n\t\t\t\t\t\talt=\"Camping con Parques Piscinas\" \/>\n\t\t\t\t\t<\/div>\n\n\t\t\t\t\t<div class=\"kc-card-body-content\">\n\t\t\t\t\t\t<!-- <div class=\"kc-upper-title\"> <span class=\"r1\">TOP<\/span> <span class=\"r2\">20<\/span> <span class=\"r3\">ESTRUCTURAS<\/span> <\/div> -->\n\t\t\t\t\t\t<h4 class=\"kc-card-title\"> Camping con Parques Piscinas <\/h4>\n\t\t\t\t\t\t<p><small> En esta secci\u00f3n encontrar\u00e1s una selecci\u00f3n de los alojamientos con los mejores <span class=\"font azzurro\">Parques Acu\u00e1ticos<\/span>! <\/small><\/p>\n\t\t\t\t\t<\/div>\n\t\t\t\t<\/a>\n\n\t\t\t<\/div>\n\t\t\t\t\t<div class=\"kc-col one-third\">\n\t\t\t\t\n\t\t\t\t<a href=\"https:\/\/www.campeggi.com\/es\/nuestras-propuestas\/vacaciones-de-esqui-396b\"\n\t\t\t\ttitle=\"Vacaciones de esqu\u00ed\"\n\t\t\t\tclass=\"kc-card kc-card--vertical\" >\n\t\t\t\t\t<div class=\"kc-img-container\">\n\t\t\t\t\t\t<img class=\"kc-img-cover\"\n\t\t\t\t\t\tsrc=\"https:\/\/images.campeggi.com\/jkMUwnXROENQiWEXBw2khqU616g=\/fit-in\/600x0\/ntc.crweb.it\/dataManager\/public\/searches\/1_1501570504974.jpg\"\n\t\t\t\t\t\talt=\"Vacaciones de esqu\u00ed\" \/>\n\t\t\t\t\t<\/div>\n\n\t\t\t\t\t<div class=\"kc-card-body-content\">\n\t\t\t\t\t\t<!-- <div class=\"kc-upper-title\"> <span class=\"r1\">TOP<\/span> <span class=\"r2\">20<\/span> <span class=\"r3\">ESTRUCTURAS<\/span> <\/div> -->\n\t\t\t\t\t\t<h4 class=\"kc-card-title\"> Vacaciones de esqu\u00ed <\/h4>\n\t\t\t\t\t\t<p><small> En esta secci\u00f3n encontrar\u00e1 una selecci\u00f3n de las mejores instalaciones para los <span class=\"font azzurro\">Deportes de invierno<\/span> <\/small><\/p>\n\t\t\t\t\t<\/div>\n\t\t\t\t<\/a>\n\n\t\t\t<\/div>\n\t\t\t\t\t<div class=\"kc-col one-third\">\n\t\t\t\t\n\t\t\t\t<a href=\"https:\/\/www.campeggi.com\/es\/nuestras-propuestas\/campines-cercanos-a-las-termas-31306b\"\n\t\t\t\ttitle=\"C\u00e1mpines cercanos a las termas\"\n\t\t\t\tclass=\"kc-card kc-card--vertical\" >\n\t\t\t\t\t<div class=\"kc-img-container\">\n\t\t\t\t\t\t<img class=\"kc-img-cover\"\n\t\t\t\t\t\tsrc=\"https:\/\/images.campeggi.com\/4RZ1PZu3HC0TFUChgFhGRqI-4Ic=\/fit-in\/600x0\/ntc.crweb.it\/dataManager\/public\/searches\/1_1501570573601.jpg\"\n\t\t\t\t\t\talt=\"C\u00e1mpines cercanos a las termas\" \/>\n\t\t\t\t\t<\/div>\n\n\t\t\t\t\t<div class=\"kc-card-body-content\">\n\t\t\t\t\t\t<!-- <div class=\"kc-upper-title\"> <span class=\"r1\">TOP<\/span> <span class=\"r2\">15<\/span> <span class=\"r3\">ESTRUCTURAS<\/span> <\/div> -->\n\t\t\t\t\t\t<h4 class=\"kc-card-title\"> C\u00e1mpines cercanos a las termas <\/h4>\n\t\t\t\t\t\t<p><small> En esta secci\u00f3n encontrar\u00e1s una selecci\u00f3n de los mejores alojamientos cercanos a los <span class=\"font azzurro\">balnearios<\/span> <\/small><\/p>\n\t\t\t\t\t<\/div>\n\t\t\t\t<\/a>\n\n\t\t\t<\/div>\n\t\t\t\t\t<div class=\"kc-col one-third\">\n\t\t\t\t\n\t\t\t\t<a href=\"https:\/\/www.campeggi.com\/es\/nuestras-propuestas\/cerca-de-gardaland-346b\"\n\t\t\t\ttitle=\"Cerca de Gardaland\"\n\t\t\t\tclass=\"kc-card kc-card--vertical\" >\n\t\t\t\t\t<div class=\"kc-img-container\">\n\t\t\t\t\t\t<img class=\"kc-img-cover\"\n\t\t\t\t\t\tsrc=\"https:\/\/images.campeggi.com\/dGjAdNy3pW6HnrVg1jSYU6nt59U=\/fit-in\/600x0\/ntc.crweb.it\/dataManager\/public\/searches\/1438865008413.jpg\"\n\t\t\t\t\t\talt=\"Cerca de Gardaland\" \/>\n\t\t\t\t\t<\/div>\n\n\t\t\t\t\t<div class=\"kc-card-body-content\">\n\t\t\t\t\t\t<!-- <div class=\"kc-upper-title\"> <span class=\"r1\">TOP<\/span> <span class=\"r2\">20<\/span> <span class=\"r3\">ESTRUCTURAS<\/span> <\/div> -->\n\t\t\t\t\t\t<h4 class=\"kc-card-title\"> Cerca de Gardaland <\/h4>\n\t\t\t\t\t\t<p><small> En esta secci\u00f3n encontrar\u00e1 una selecci\u00f3n de las mejores instalaciones en las proximidades de <span class=\"font azzurro\">Gardaland<\/span> <\/small><\/p>\n\t\t\t\t\t<\/div>\n\t\t\t\t<\/a>\n\n\t\t\t<\/div>\n\t\t\t\t\t<div class=\"kc-col one-third\">\n\t\t\t\t\n\t\t\t\t<a href=\"https:\/\/www.campeggi.com\/es\/nuestras-propuestas\/camping-cerca-de-mirabilandia-356b\"\n\t\t\t\ttitle=\"Camping cerca de Mirabilandia\"\n\t\t\t\tclass=\"kc-card kc-card--vertical\" >\n\t\t\t\t\t<div class=\"kc-img-container\">\n\t\t\t\t\t\t<img class=\"kc-img-cover\"\n\t\t\t\t\t\tsrc=\"https:\/\/images.campeggi.com\/Z6c8roT5PwLGvue4U8y9qNDHxeg=\/fit-in\/600x0\/ntc.crweb.it\/dataManager\/public\/searches\/1438864735544.jpg\"\n\t\t\t\t\t\talt=\"Camping cerca de Mirabilandia\" \/>\n\t\t\t\t\t<\/div>\n\n\t\t\t\t\t<div class=\"kc-card-body-content\">\n\t\t\t\t\t\t<!-- <div class=\"kc-upper-title\"> <span class=\"r1\">TOP<\/span> <span class=\"r2\">20<\/span> <span class=\"r3\">ESTRUCTURAS<\/span> <\/div> -->\n\t\t\t\t\t\t<h4 class=\"kc-card-title\"> Camping cerca de Mirabilandia <\/h4>\n\t\t\t\t\t\t<p><small> En esta secci\u00f3n encontrar\u00e1 una selecci\u00f3n de las mejores instalaciones en las proximidades de <span class=\"font azzurro\">Mirabilandia<\/span> <\/small><\/p>\n\t\t\t\t\t<\/div>\n\t\t\t\t<\/a>\n\n\t\t\t<\/div>\n\t\t\t\t\t<div class=\"kc-col one-third\">\n\t\t\t\t\n\t\t\t\t<a href=\"https:\/\/www.campeggi.com\/es\/nuestras-propuestas\/campings-con-spa-336b\"\n\t\t\t\ttitle=\"Campings con Spa\"\n\t\t\t\tclass=\"kc-card kc-card--vertical\" >\n\t\t\t\t\t<div class=\"kc-img-container\">\n\t\t\t\t\t\t<img class=\"kc-img-cover\"\n\t\t\t\t\t\tsrc=\"https:\/\/images.campeggi.com\/0c-EHb-xZvw0DR5DlEW8w1AM6q8=\/fit-in\/600x0\/ntc.crweb.it\/dataManager\/public\/searches\/1_1501570177175.jpg\"\n\t\t\t\t\t\talt=\"Campings con Spa\" \/>\n\t\t\t\t\t<\/div>\n\n\t\t\t\t\t<div class=\"kc-card-body-content\">\n\t\t\t\t\t\t<!-- <div class=\"kc-upper-title\"> <span class=\"r1\">TOP<\/span> <span class=\"r2\">10<\/span> <span class=\"r3\">ESTRUCTURAS<\/span> <\/div> -->\n\t\t\t\t\t\t<h4 class=\"kc-card-title\"> Campings con Spa <\/h4>\n\t\t\t\t\t\t<p><small> En esta secci\u00f3n encontrar\u00e1s una selecci\u00f3n de los mejores camping con <span class=\"font azzurro\"> Centro Wellness<\/span>! <\/small><\/p>\n\t\t\t\t\t<\/div>\n\t\t\t\t<\/a>\n\n\t\t\t<\/div>\n\t\t\t\t\t<div class=\"kc-col one-third\">\n\t\t\t\t\n\t\t\t\t<a href=\"https:\/\/www.campeggi.com\/es\/nuestras-propuestas\/campings-para-diving-31396b\"\n\t\t\t\ttitle=\"Campings para Diving\"\n\t\t\t\tclass=\"kc-card kc-card--vertical\" >\n\t\t\t\t\t<div class=\"kc-img-container\">\n\t\t\t\t\t\t<img class=\"kc-img-cover\"\n\t\t\t\t\t\tsrc=\"https:\/\/images.campeggi.com\/gp4JyG2AUYkUjex0XKFAAqzfB4w=\/fit-in\/600x0\/ntc.crweb.it\/dataManager\/public\/searches\/552_1523450697972.jpg\"\n\t\t\t\t\t\talt=\"Campings para Diving\" \/>\n\t\t\t\t\t<\/div>\n\n\t\t\t\t\t<div class=\"kc-card-body-content\">\n\t\t\t\t\t\t<!-- <div class=\"kc-upper-title\"> <span class=\"r1\">TOP<\/span><span class=\"r2\">30<\/span><span class=\"r3\">ESTRUCTURAS<\/span> <\/div> -->\n\t\t\t\t\t\t<h4 class=\"kc-card-title\"> Campings para Diving <\/h4>\n\t\t\t\t\t\t<p><small> En esta secci\u00f3n encontrar\u00e1 una selecci\u00f3n de las mejores instalaciones para los <span class=\"font azzurro\">Diving<\/span> <\/small><\/p>\n\t\t\t\t\t<\/div>\n\t\t\t\t<\/a>\n\n\t\t\t<\/div>\n\t\t\t\t\t<div class=\"kc-col one-third\">\n\t\t\t\t\n\t\t\t\t<a href=\"https:\/\/www.campeggi.com\/es\/nuestras-propuestas\/accesibles-para-discapacitados-376b\"\n\t\t\t\ttitle=\"Accesibles para discapacitados\"\n\t\t\t\tclass=\"kc-card kc-card--vertical\" >\n\t\t\t\t\t<div class=\"kc-img-container\">\n\t\t\t\t\t\t<img class=\"kc-img-cover\"\n\t\t\t\t\t\tsrc=\"https:\/\/images.campeggi.com\/exUHWq1daiPioMZuKT4bhIJsUeQ=\/fit-in\/600x0\/ntc.crweb.it\/dataManager\/public\/searches\/1_1501570397710.jpg\"\n\t\t\t\t\t\talt=\"Accesibles para discapacitados\" \/>\n\t\t\t\t\t<\/div>\n\n\t\t\t\t\t<div class=\"kc-card-body-content\">\n\t\t\t\t\t\t<!-- <div class=\"kc-upper-title\"> <span class=\"r1\">TOP<\/span> <span class=\"r2\">15<\/span> <span class=\"r3\">ESTRUCTURAS<\/span> <\/div> -->\n\t\t\t\t\t\t<h4 class=\"kc-card-title\"> Accesibles para discapacitados <\/h4>\n\t\t\t\t\t\t<p><small> En esta secci\u00f3n encontrar\u00e1s una selecci\u00f3n de los mejores camping <span class=\"font azzurro\">accesibles para personas con discapacidad<\/span> <\/small><\/p>\n\t\t\t\t\t<\/div>\n\t\t\t\t<\/a>\n\n\t\t\t<\/div>\n\t\t\t\t\t<div class=\"kc-col one-third\">\n\t\t\t\t\n\t\t\t\t<a href=\"https:\/\/www.campeggi.com\/es\/nuestras-propuestas\/campings-y-centros-de-vacaciones-con-video-360-31356b\"\n\t\t\t\ttitle=\"Campings y Centros de Vacaciones con V\u00eddeo 360\"\n\t\t\t\tclass=\"kc-card kc-card--vertical\" >\n\t\t\t\t\t<div class=\"kc-img-container\">\n\t\t\t\t\t\t<img class=\"kc-img-cover\"\n\t\t\t\t\t\tsrc=\"https:\/\/images.campeggi.com\/RYzbZ1ZmSYPcmY-tJD0ZGiyVJd8=\/fit-in\/600x0\/ntc.crweb.it\/dataManager\/public\/searches\/552_1511532029949.jpg\"\n\t\t\t\t\t\talt=\"Campings y Centros de Vacaciones con V\u00eddeo 360\" \/>\n\t\t\t\t\t<\/div>\n\n\t\t\t\t\t<div class=\"kc-card-body-content\">\n\t\t\t\t\t\t<!-- <div class=\"kc-upper-title\"> <span class=\"r1\">TOP<\/span> <span class=\"r2\">10<\/span> <span class=\"r3\">ESTRUCTURAS<\/span> <\/div> -->\n\t\t\t\t\t\t<h4 class=\"kc-card-title\"> Campings y Centros de Vacaciones con V\u00eddeo 360 <\/h4>\n\t\t\t\t\t\t<p><small> En esta secci\u00f3n encontrar\u00e1s una selecci\u00f3n de los mejores <span class=\"font azzurro\">V\u00eddeo 360<\/span>! <\/small><\/p>\n\t\t\t\t\t<\/div>\n\t\t\t\t<\/a>\n\n\t\t\t<\/div>\n\t\t\t\t\t<div class=\"kc-col one-third\">\n\t\t\t\t\n\t\t\t\t<a href=\"https:\/\/www.campeggi.com\/es\/nuestras-propuestas\/campines-originales-31316b\"\n\t\t\t\ttitle=\"C\u00e1mpines originales\"\n\t\t\t\tclass=\"kc-card kc-card--vertical\" >\n\t\t\t\t\t<div class=\"kc-img-container\">\n\t\t\t\t\t\t<img class=\"kc-img-cover\"\n\t\t\t\t\t\tsrc=\"https:\/\/images.campeggi.com\/ABBsIsUsZDURbQ9c0xFB4u8za24=\/fit-in\/600x0\/ntc.crweb.it\/dataManager\/public\/searches\/649_1459262047112.jpg\"\n\t\t\t\t\t\talt=\"C\u00e1mpines originales\" \/>\n\t\t\t\t\t<\/div>\n\n\t\t\t\t\t<div class=\"kc-card-body-content\">\n\t\t\t\t\t\t<!-- <div class=\"kc-upper-title\"> <span class=\"r1\">TOP<\/span> <span class=\"r2\">10<\/span> <span class=\"r3\">ESTRUCTURAS<\/span> <\/div> -->\n\t\t\t\t\t\t<h4 class=\"kc-card-title\"> C\u00e1mpines originales <\/h4>\n\t\t\t\t\t\t<p><small> En esta secci\u00f3n encontrar\u00e1s una selecci\u00f3n de los mejores lugares que se distinguen  por su <span class=\"font azzurro\">originalidad<\/span> <\/small><\/p>\n\t\t\t\t\t<\/div>\n\t\t\t\t<\/a>\n\n\t\t\t<\/div>\n\t\t\t\t\t<div class=\"kc-col one-third\">\n\t\t\t\t\n\t\t\t\t<a href=\"https:\/\/www.campeggi.com\/es\/nuestras-propuestas\/vacaciones-glamping-366b\"\n\t\t\t\ttitle=\"Vacaciones glamping\"\n\t\t\t\tclass=\"kc-card kc-card--vertical\" >\n\t\t\t\t\t<div class=\"kc-img-container\">\n\t\t\t\t\t\t<img class=\"kc-img-cover\"\n\t\t\t\t\t\tsrc=\"https:\/\/images.campeggi.com\/TlMJVgzbiGMgVzhteKRF5VT1bN0=\/fit-in\/600x0\/ntc.crweb.it\/dataManager\/public\/searches\/1438864835731.jpg\"\n\t\t\t\t\t\talt=\"Vacaciones glamping\" \/>\n\t\t\t\t\t<\/div>\n\n\t\t\t\t\t<div class=\"kc-card-body-content\">\n\t\t\t\t\t\t<!-- <div class=\"kc-upper-title\"> <span class=\"r1\">TOP<\/span> <span class=\"r2\">20<\/span> <span class=\"r3\">ESTRUCTURAS<\/span> <\/div> -->\n\t\t\t\t\t\t<h4 class=\"kc-card-title\"> Vacaciones glamping <\/h4>\n\t\t\t\t\t\t<p><small> En esta secci\u00f3n encontrar\u00e1s una selecci\u00f3n de los mejores camping <span class=\"font azzurro\">Glamping<\/span>! <\/small><\/p>\n\t\t\t\t\t<\/div>\n\t\t\t\t<\/a>\n\n\t\t\t<\/div>\n\t\t\t\t\t<div class=\"kc-col one-third\">\n\t\t\t\t\n\t\t\t\t<a href=\"https:\/\/www.campeggi.com\/es\/nuestras-propuestas\/campings-para-vacaciones-deportivas-32306b\"\n\t\t\t\ttitle=\"Campings para vacaciones deportivas\"\n\t\t\t\tclass=\"kc-card kc-card--vertical\" >\n\t\t\t\t\t<div class=\"kc-img-container\">\n\t\t\t\t\t\t<img class=\"kc-img-cover\"\n\t\t\t\t\t\tsrc=\"https:\/\/images.campeggi.com\/k6U9FD5u9b9NLndOjJA36mm96Ok=\/fit-in\/600x0\/ntc.crweb.it\/dataManager\/public\/searches\/552_1525350428262.jpg\"\n\t\t\t\t\t\talt=\"Campings para vacaciones deportivas\" \/>\n\t\t\t\t\t<\/div>\n\n\t\t\t\t\t<div class=\"kc-card-body-content\">\n\t\t\t\t\t\t<!-- <div class=\"kc-upper-title\"> <span class=\"r1\">TOP<\/span> <span class=\"r2\">15<\/span> <span class=\"r3\">ESTRUCTURAS<\/span> <\/div> -->\n\t\t\t\t\t\t<h4 class=\"kc-card-title\"> Campings para vacaciones deportivas <\/h4>\n\t\t\t\t\t\t<p><small> En esta secci\u00f3n encontrar\u00e1 una selecci\u00f3n de las mejores instalaciones para los <span class=\"font azzurro\">Deportes<\/span> <\/small><\/p>\n\t\t\t\t\t<\/div>\n\t\t\t\t<\/a>\n\n\t\t\t<\/div>\n\t\t\t\t\t<div class=\"kc-col one-third\">\n\t\t\t\t\n\t\t\t\t<a href=\"https:\/\/www.campeggi.com\/es\/nuestras-propuestas\/campings-y-centros-de-vacaciones-con-video-drone-31366b\"\n\t\t\t\ttitle=\"Campings y Centros de Vacaciones con V\u00eddeo Drone\"\n\t\t\t\tclass=\"kc-card kc-card--vertical\" >\n\t\t\t\t\t<div class=\"kc-img-container\">\n\t\t\t\t\t\t<img class=\"kc-img-cover\"\n\t\t\t\t\t\tsrc=\"https:\/\/images.campeggi.com\/JjH28mWI03X7ovwb4DCtbMHeDo4=\/fit-in\/600x0\/ntc.crweb.it\/dataManager\/public\/searches\/552_1511534833877.jpg\"\n\t\t\t\t\t\talt=\"Campings y Centros de Vacaciones con V\u00eddeo Drone\" \/>\n\t\t\t\t\t<\/div>\n\n\t\t\t\t\t<div class=\"kc-card-body-content\">\n\t\t\t\t\t\t<!-- <div class=\"kc-upper-title\"> <span class=\"r1\">TOP<\/span> <span class=\"r2\">15<\/span> <span class=\"r3\">ESTRUCTURAS<\/span> <\/div> -->\n\t\t\t\t\t\t<h4 class=\"kc-card-title\"> Campings y Centros de Vacaciones con V\u00eddeo Drone <\/h4>\n\t\t\t\t\t\t<p><small> En esta secci\u00f3n encontrar\u00e1s una selecci\u00f3n de los mejores campings con <span class=\"font azzurro\">V\u00eddeo Drone<\/span>! <\/small><\/p>\n\t\t\t\t\t<\/div>\n\t\t\t\t<\/a>\n\n\t\t\t<\/div>\n\t\t\n\t<\/div>\n<\/div>\n\n<\/section>\n\n","protected":false},"excerpt":{"rendered":"","protected":false},"author":2,"featured_media":0,"parent":0,"menu_order":0,"comment_status":"closed","ping_status":"closed","template":"","meta":{"footnotes":""},"class_list":["post-132","page","type-page","status-publish","hentry"],"translation":{"provider":"WPGlobus","version":"3.0.2","language":"es","enabled_languages":["it","en","de","nl","fr","da","es","pl","cs"],"languages":{"it":{"title":true,"content":true,"excerpt":false},"en":{"title":false,"content":false,"excerpt":false},"de":{"title":false,"content":false,"excerpt":false},"nl":{"title":false,"content":false,"excerpt":false},"fr":{"title":false,"content":false,"excerpt":false},"da":{"title":false,"content":false,"excerpt":false},"es":{"title":false,"content":false,"excerpt":false},"pl":{"title":false,"content":false,"excerpt":false},"cs":{"title":false,"content":false,"excerpt":false}}},"_links":{"self":[{"href":"https:\/\/www.campeggi.com\/es\/wp-json\/wp\/v2\/pages\/132","targetHints":{"allow":["GET"]}}],"collection":[{"href":"https:\/\/www.campeggi.com\/es\/wp-json\/wp\/v2\/pages"}],"about":[{"href":"https:\/\/www.campeggi.com\/es\/wp-json\/wp\/v2\/types\/page"}],"author":[{"embeddable":true,"href":"https:\/\/www.campeggi.com\/es\/wp-json\/wp\/v2\/users\/2"}],"replies":[{"embeddable":true,"href":"https:\/\/www.campeggi.com\/es\/wp-json\/wp\/v2\/comments?post=132"}],"version-history":[{"count":2,"href":"https:\/\/www.campeggi.com\/es\/wp-json\/wp\/v2\/pages\/132\/revisions"}],"predecessor-version":[{"id":159,"href":"https:\/\/www.campeggi.com\/es\/wp-json\/wp\/v2\/pages\/132\/revisions\/159"}],"wp:attachment":[{"href":"https:\/\/www.campeggi.com\/es\/wp-json\/wp\/v2\/media?parent=132"}],"curies":[{"name":"wp","href":"https:\/\/api.w.org\/{rel}","templated":true}]}}