{"id":132,"date":"2021-02-18T15:07:14","date_gmt":"2021-02-18T15:07:14","guid":{"rendered":"https:\/\/www.campeggi.com\/?page_id=132"},"modified":"2021-08-16T13:24:01","modified_gmt":"2021-08-16T13:24:01","slug":"le-nostre-proposte-la-vacanza-su-misura-per-te","status":"publish","type":"page","link":"https:\/\/www.campeggi.com\/cs\/nase-nabidky-dovolena-na-miru-pro-vas\/","title":{"rendered":"Ricerche tematiche"},"content":{"rendered":"\n<section><\/section>\n\n\n\n\n<section class=\"kc-slider-list\">\n\n\t\t<div class=\"kc-section-text-header \">\n\n\t\n\t\t\t<p class=\"kc-section-header-uppertitle\">St\u00e1le hled\u00e1te inspiraci?<\/p>\n  \n  \t\t<h1 class=\"kc-section-header-title\">Z\u00e1\u017eitky \u0161it\u00e9 na m\u00edru v\u00e1m<\/h1>\n  \n  \t\t<p class=\"kc-section-header-text\">Na\u0161e n\u00e1vrhy na dovolenou zalo\u017een\u00e9 na va\u0161ich z\u00e1jmech a zku\u0161enostech, kter\u00e9 chcete pro\u017e\u00edt se sv\u00fdmi spole\u010dn\u00edky na cest\u00e1ch.<\/p>\n  <\/div>\n\n\t\t\n<div class=\"kc-wrapper kc-thematic-searches kc-grid\">\n\n\t<div class=\"kc-cols kc-boxed\">\n\t\t\t\t\t<div class=\"kc-col one-third\">\n\t\t\t\t\n\t\t\t\t<a href=\"https:\/\/www.campeggi.com\/cs\/nase-nabidky\/smart-working-32366b\"\n\t\t\t\ttitle=\"Smart Working\"\n\t\t\t\tclass=\"kc-card kc-card--vertical\" >\n\t\t\t\t\t<div class=\"kc-img-container\">\n\t\t\t\t\t\t<img class=\"kc-img-cover\"\n\t\t\t\t\t\tsrc=\"https:\/\/images.campeggi.com\/fwFtU4SXGx68_uXB5keaIBOwpLA=\/fit-in\/600x0\/ntc.crweb.it\/dataManager\/public\/searches\/929_1618328662442.jpg\"\n\t\t\t\t\t\talt=\"Smart Working\" \/>\n\t\t\t\t\t<\/div>\n\n\t\t\t\t\t<div class=\"kc-card-body-content\">\n\t\t\t\t\t\t<!-- <div class=\"kc-upper-title\"> Smart Working <\/div> -->\n\t\t\t\t\t\t<h4 class=\"kc-card-title\"> Smart Working <\/h4>\n\t\t\t\t\t\t<p><small> Smart Working <\/small><\/p>\n\t\t\t\t\t<\/div>\n\t\t\t\t<\/a>\n\n\t\t\t<\/div>\n\t\t\t\t\t<div class=\"kc-col one-third\">\n\t\t\t\t\n\t\t\t\t<a href=\"https:\/\/www.campeggi.com\/cs\/nase-nabidky\/pro-rodiny-31386b\"\n\t\t\t\ttitle=\"Pro rodiny\"\n\t\t\t\tclass=\"kc-card kc-card--vertical\" >\n\t\t\t\t\t<div class=\"kc-img-container\">\n\t\t\t\t\t\t<img class=\"kc-img-cover\"\n\t\t\t\t\t\tsrc=\"https:\/\/images.campeggi.com\/_IJFvQI-zsd0DWhqc00cbIP2Le4=\/fit-in\/600x0\/ntc.crweb.it\/dataManager\/public\/searches\/1_1609834685676.jpg\"\n\t\t\t\t\t\talt=\"Pro rodiny\" \/>\n\t\t\t\t\t<\/div>\n\n\t\t\t\t\t<div class=\"kc-card-body-content\">\n\t\t\t\t\t\t<!-- <div class=\"kc-upper-title\"> <span class=\"r1\">TOP<\/span> <span class=\"r2\">30<\/span> <span class=\"r3\">STRUKTUREN<\/span> <\/div> -->\n\t\t\t\t\t\t<h4 class=\"kc-card-title\"> Pro rodiny <\/h4>\n\t\t\t\t\t\t<p><small> V t\u00e9to sekci naleznete v\u00fdb\u011br toho nejlep\u0161\u00edho kempy pro <span class=\"font azzurro\">rodiny<\/span> <\/small><\/p>\n\t\t\t\t\t<\/div>\n\t\t\t\t<\/a>\n\n\t\t\t<\/div>\n\t\t\t\t\t<div class=\"kc-col one-third\">\n\t\t\t\t\n\t\t\t\t<a href=\"https:\/\/www.campeggi.com\/cs\/nase-nabidky\/kempy-dovolena-v-jare-31326b\"\n\t\t\t\ttitle=\"Kempy dovolen\u00e1 v ja\u0159e\"\n\t\t\t\tclass=\"kc-card kc-card--vertical\" >\n\t\t\t\t\t<div class=\"kc-img-container\">\n\t\t\t\t\t\t<img class=\"kc-img-cover\"\n\t\t\t\t\t\tsrc=\"https:\/\/images.campeggi.com\/uka9bnUC9hhvMZmuJNnRC4LlmNc=\/fit-in\/600x0\/ntc.crweb.it\/dataManager\/public\/searches\/552_1488360040802.jpg\"\n\t\t\t\t\t\talt=\"Kempy dovolen\u00e1 v ja\u0159e\" \/>\n\t\t\t\t\t<\/div>\n\n\t\t\t\t\t<div class=\"kc-card-body-content\">\n\t\t\t\t\t\t<!-- <div class=\"kc-upper-title\"> <span class=\"r1\">TOP<\/span> <span class=\"r2\">20<\/span> <span class=\"r3\">STRUKTUREN<\/span> <\/div> -->\n\t\t\t\t\t\t<h4 class=\"kc-card-title\"> Kempy dovolen\u00e1 v ja\u0159e <\/h4>\n\t\t\t\t\t\t<p><small> V t\u00e9to sekci najdete v\u00fdb\u011br t\u011bch nejlep\u0161\u00edch za\u0159\u00edzen\u00ed z\u016fstat b\u011bhem <span class=\"font azzurro\">sv\u00e1tk\u016f jara<\/span> <\/small><\/p>\n\t\t\t\t\t<\/div>\n\t\t\t\t<\/a>\n\n\t\t\t<\/div>\n\t\t\t\t\t<div class=\"kc-col one-third\">\n\t\t\t\t\n\t\t\t\t<a href=\"https:\/\/www.campeggi.com\/cs\/nase-nabidky\/u-gardaland-346b\"\n\t\t\t\ttitle=\"U Gardaland\"\n\t\t\t\tclass=\"kc-card kc-card--vertical\" >\n\t\t\t\t\t<div class=\"kc-img-container\">\n\t\t\t\t\t\t<img class=\"kc-img-cover\"\n\t\t\t\t\t\tsrc=\"https:\/\/images.campeggi.com\/dGjAdNy3pW6HnrVg1jSYU6nt59U=\/fit-in\/600x0\/ntc.crweb.it\/dataManager\/public\/searches\/1438865008413.jpg\"\n\t\t\t\t\t\talt=\"U Gardaland\" \/>\n\t\t\t\t\t<\/div>\n\n\t\t\t\t\t<div class=\"kc-card-body-content\">\n\t\t\t\t\t\t<!-- <div class=\"kc-upper-title\"> <span class=\"r1\">TOP<\/span> <span class=\"r2\">20<\/span> <span class=\"r3\">STRUKTUREN<\/span> <\/div> -->\n\t\t\t\t\t\t<h4 class=\"kc-card-title\"> U Gardaland <\/h4>\n\t\t\t\t\t\t<p><small> V t\u00e9to sekci najdete v\u00fdb\u011br t\u011bch nejlep\u0161\u00edch za\u0159\u00edzen\u00ed v bl\u00edzkosti z\u00e1bavn\u00edho parku <span class=\"font azzurro\">Gardaland<\/span> <\/small><\/p>\n\t\t\t\t\t<\/div>\n\t\t\t\t<\/a>\n\n\t\t\t<\/div>\n\t\t\t\t\t<div class=\"kc-col one-third\">\n\t\t\t\t\n\t\t\t\t<a href=\"https:\/\/www.campeggi.com\/cs\/nase-nabidky\/lyzarska-dovolena-396b\"\n\t\t\t\ttitle=\"Ly\u017ea\u0159sk\u00e1 dovolen\u00e1\"\n\t\t\t\tclass=\"kc-card kc-card--vertical\" >\n\t\t\t\t\t<div class=\"kc-img-container\">\n\t\t\t\t\t\t<img class=\"kc-img-cover\"\n\t\t\t\t\t\tsrc=\"https:\/\/images.campeggi.com\/jkMUwnXROENQiWEXBw2khqU616g=\/fit-in\/600x0\/ntc.crweb.it\/dataManager\/public\/searches\/1_1501570504974.jpg\"\n\t\t\t\t\t\talt=\"Ly\u017ea\u0159sk\u00e1 dovolen\u00e1\" \/>\n\t\t\t\t\t<\/div>\n\n\t\t\t\t\t<div class=\"kc-card-body-content\">\n\t\t\t\t\t\t<!-- <div class=\"kc-upper-title\"> <span class=\"r1\">TOP<\/span> <span class=\"r2\">20<\/span> <span class=\"r3\">STRUKTUREN<\/span> <\/div> -->\n\t\t\t\t\t\t<h4 class=\"kc-card-title\"> Ly\u017ea\u0159sk\u00e1 dovolen\u00e1 <\/h4>\n\t\t\t\t\t\t<p><small> V t\u00e9to sekci najdete v\u00fdb\u011br t\u011bch nejlep\u0161\u00edch za\u0159\u00edzen\u00ed v pro <span class=\"font azzurro\">Zimn\u00ed sporty<\/span> <\/small><\/p>\n\t\t\t\t\t<\/div>\n\t\t\t\t<\/a>\n\n\t\t\t<\/div>\n\t\t\t\t\t<div class=\"kc-col one-third\">\n\t\t\t\t\n\t\t\t\t<a href=\"https:\/\/www.campeggi.com\/cs\/nase-nabidky\/kempy-a-prazdninove-vesnicky-s-video-dronem-31366b\"\n\t\t\t\ttitle=\"Kempy a pr\u00e1zdninov\u00e9 vesni\u010dky s Video Dronem\"\n\t\t\t\tclass=\"kc-card kc-card--vertical\" >\n\t\t\t\t\t<div class=\"kc-img-container\">\n\t\t\t\t\t\t<img class=\"kc-img-cover\"\n\t\t\t\t\t\tsrc=\"https:\/\/images.campeggi.com\/JjH28mWI03X7ovwb4DCtbMHeDo4=\/fit-in\/600x0\/ntc.crweb.it\/dataManager\/public\/searches\/552_1511534833877.jpg\"\n\t\t\t\t\t\talt=\"Kempy a pr\u00e1zdninov\u00e9 vesni\u010dky s Video Dronem\" \/>\n\t\t\t\t\t<\/div>\n\n\t\t\t\t\t<div class=\"kc-card-body-content\">\n\t\t\t\t\t\t<!-- <div class=\"kc-upper-title\"> <span class=\"r1\">TOP<\/span> <span class=\"r2\">15<\/span> <span class=\"r3\">STRUKTUREN<\/span> <\/div> -->\n\t\t\t\t\t\t<h4 class=\"kc-card-title\"> Kempy a pr\u00e1zdninov\u00e9 vesni\u010dky s Video Dronem <\/h4>\n\t\t\t\t\t\t<p><small> V t\u00e9to sekci naleznete v\u00fdb\u011br toho nejlep\u0161\u00edho <span class=\"font azzurro\">Dronem<\/span>! <\/small><\/p>\n\t\t\t\t\t<\/div>\n\t\t\t\t<\/a>\n\n\t\t\t<\/div>\n\t\t\t\t\t<div class=\"kc-col one-third\">\n\t\t\t\t\n\t\t\t\t<a href=\"https:\/\/www.campeggi.com\/cs\/nase-nabidky\/kempy-pro-telesne-postizene-376b\"\n\t\t\t\ttitle=\"Kempy pro telesne posti\u017een\u00e9\"\n\t\t\t\tclass=\"kc-card kc-card--vertical\" >\n\t\t\t\t\t<div class=\"kc-img-container\">\n\t\t\t\t\t\t<img class=\"kc-img-cover\"\n\t\t\t\t\t\tsrc=\"https:\/\/images.campeggi.com\/exUHWq1daiPioMZuKT4bhIJsUeQ=\/fit-in\/600x0\/ntc.crweb.it\/dataManager\/public\/searches\/1_1501570397710.jpg\"\n\t\t\t\t\t\talt=\"Kempy pro telesne posti\u017een\u00e9\" \/>\n\t\t\t\t\t<\/div>\n\n\t\t\t\t\t<div class=\"kc-card-body-content\">\n\t\t\t\t\t\t<!-- <div class=\"kc-upper-title\"> <span class=\"r1\">TOP<\/span> <span class=\"r2\">15<\/span> <span class=\"r3\">STRUKTUREN<\/span> <\/div> -->\n\t\t\t\t\t\t<h4 class=\"kc-card-title\"> Kempy pro telesne posti\u017een\u00e9 <\/h4>\n\t\t\t\t\t\t<p><small> V t\u00e9to sekci najdete v\u00fdber tech nejlep\u0161\u00edch zar\u00edzen\u00ed, kter\u00e9 jsou pr\u00edstupn\u00e9 <span class=\"font azzurro\">pro osoby se zdravotn\u00edm posti\u017een\u00edm<\/span> <\/small><\/p>\n\t\t\t\t\t<\/div>\n\t\t\t\t<\/a>\n\n\t\t\t<\/div>\n\t\t\t\t\t<div class=\"kc-col one-third\">\n\t\t\t\t\n\t\t\t\t<a href=\"https:\/\/www.campeggi.com\/cs\/nase-nabidky\/kempy-s-wellness-centrem-336b\"\n\t\t\t\ttitle=\"Kempy s Wellness Centrem\"\n\t\t\t\tclass=\"kc-card kc-card--vertical\" >\n\t\t\t\t\t<div class=\"kc-img-container\">\n\t\t\t\t\t\t<img class=\"kc-img-cover\"\n\t\t\t\t\t\tsrc=\"https:\/\/images.campeggi.com\/0c-EHb-xZvw0DR5DlEW8w1AM6q8=\/fit-in\/600x0\/ntc.crweb.it\/dataManager\/public\/searches\/1_1501570177175.jpg\"\n\t\t\t\t\t\talt=\"Kempy s Wellness Centrem\" \/>\n\t\t\t\t\t<\/div>\n\n\t\t\t\t\t<div class=\"kc-card-body-content\">\n\t\t\t\t\t\t<!-- <div class=\"kc-upper-title\"> <span class=\"r1\">TOP<\/span> <span class=\"r2\">10<\/span> <span class=\"r3\">STRUKTUREN<\/span> <\/div> -->\n\t\t\t\t\t\t<h4 class=\"kc-card-title\"> Kempy s Wellness Centrem <\/h4>\n\t\t\t\t\t\t<p><small> V t\u00e9to sekci naleznete v\u00fdb\u011br toho nejlep\u0161\u00edho <span class=\"font azzurro\">Wellness<\/span>! <\/small><\/p>\n\t\t\t\t\t<\/div>\n\t\t\t\t<\/a>\n\n\t\t\t<\/div>\n\t\t\t\t\t<div class=\"kc-col one-third\">\n\t\t\t\t\n\t\t\t\t<a href=\"https:\/\/www.campeggi.com\/cs\/nase-nabidky\/kempinky-s-originalnim-ubytovanim-31316b\"\n\t\t\t\ttitle=\"Kempinky s origin\u00e1ln\u00edm ubytov\u00e1n\u00edm\"\n\t\t\t\tclass=\"kc-card kc-card--vertical\" >\n\t\t\t\t\t<div class=\"kc-img-container\">\n\t\t\t\t\t\t<img class=\"kc-img-cover\"\n\t\t\t\t\t\tsrc=\"https:\/\/images.campeggi.com\/ABBsIsUsZDURbQ9c0xFB4u8za24=\/fit-in\/600x0\/ntc.crweb.it\/dataManager\/public\/searches\/649_1459262047112.jpg\"\n\t\t\t\t\t\talt=\"Kempinky s origin\u00e1ln\u00edm ubytov\u00e1n\u00edm\" \/>\n\t\t\t\t\t<\/div>\n\n\t\t\t\t\t<div class=\"kc-card-body-content\">\n\t\t\t\t\t\t<!-- <div class=\"kc-upper-title\"> <span class=\"r1\">TOP<\/span> <span class=\"r2\">10<\/span> <span class=\"r3\">STRUKTUREN<\/span> <\/div> -->\n\t\t\t\t\t\t<h4 class=\"kc-card-title\"> Kempinky s origin\u00e1ln\u00edm ubytov\u00e1n\u00edm <\/h4>\n\t\t\t\t\t\t<p><small> V t\u00e9to \u010d\u00e1sti naleznete v\u00fdb\u011br z nejlep\u0161\u00edch st\u0159edisek nab\u00edzej\u00edc\u00edch  <span class=\"font azzurro\">origin\u00e1ln\u00ed ubytov\u00e1n\u00ed<\/span> <\/small><\/p>\n\t\t\t\t\t<\/div>\n\t\t\t\t<\/a>\n\n\t\t\t<\/div>\n\t\t\t\t\t<div class=\"kc-col one-third\">\n\t\t\t\t\n\t\t\t\t<a href=\"https:\/\/www.campeggi.com\/cs\/nase-nabidky\/na-dovolene-s-4-legged-pritele-326b\"\n\t\t\t\ttitle=\"Na dovolen\u00e9 s 4-legged p\u0159\u00edtele\"\n\t\t\t\tclass=\"kc-card kc-card--vertical\" >\n\t\t\t\t\t<div class=\"kc-img-container\">\n\t\t\t\t\t\t<img class=\"kc-img-cover\"\n\t\t\t\t\t\tsrc=\"https:\/\/images.campeggi.com\/s1mkLluTr13YUPXJynrHFLawWbg=\/fit-in\/600x0\/ntc.crweb.it\/dataManager\/public\/searches\/1_1501570087874.jpg\"\n\t\t\t\t\t\talt=\"Na dovolen\u00e9 s 4-legged p\u0159\u00edtele\" \/>\n\t\t\t\t\t<\/div>\n\n\t\t\t\t\t<div class=\"kc-card-body-content\">\n\t\t\t\t\t\t<!-- <div class=\"kc-upper-title\"> <span class=\"r1\">TOP<\/span> <span class=\"r2\">25<\/span> <span class=\"r3\">STRUKTUREN<\/span> <\/div> -->\n\t\t\t\t\t\t<h4 class=\"kc-card-title\"> Na dovolen\u00e9 s 4-legged p\u0159\u00edtele <\/h4>\n\t\t\t\t\t\t<p><small> V t\u00e9to sekci naleznete v\u00fdb\u011br toho nejlep\u0161\u00edho <span class=\"font azzurro\">dom\u00e1c\u00ed zv\u00ed\u0159ata v\u00edt\u00e1na<\/span>! <\/small><\/p>\n\t\t\t\t\t<\/div>\n\t\t\t\t<\/a>\n\n\t\t\t<\/div>\n\t\t\t\t\t<div class=\"kc-col one-third\">\n\t\t\t\t\n\t\t\t\t<a href=\"https:\/\/www.campeggi.com\/cs\/nase-nabidky\/kempinky-nedaleko-lazni-31306b\"\n\t\t\t\ttitle=\"Kempinky nedaleko l\u00e1zn\u00ed\"\n\t\t\t\tclass=\"kc-card kc-card--vertical\" >\n\t\t\t\t\t<div class=\"kc-img-container\">\n\t\t\t\t\t\t<img class=\"kc-img-cover\"\n\t\t\t\t\t\tsrc=\"https:\/\/images.campeggi.com\/4RZ1PZu3HC0TFUChgFhGRqI-4Ic=\/fit-in\/600x0\/ntc.crweb.it\/dataManager\/public\/searches\/1_1501570573601.jpg\"\n\t\t\t\t\t\talt=\"Kempinky nedaleko l\u00e1zn\u00ed\" \/>\n\t\t\t\t\t<\/div>\n\n\t\t\t\t\t<div class=\"kc-card-body-content\">\n\t\t\t\t\t\t<!-- <div class=\"kc-upper-title\"> <span class=\"r1\">TOP<\/span> <span class=\"r2\">15<\/span> <span class=\"r3\">STRUKTUREN<\/span> <\/div> -->\n\t\t\t\t\t\t<h4 class=\"kc-card-title\"> Kempinky nedaleko l\u00e1zn\u00ed <\/h4>\n\t\t\t\t\t\t<p><small> V t\u00e9to \u010d\u00e1sti naleznete v\u00fdb\u011br z nejlep\u0161\u00edch st\u0159edisek nach\u00e1zej\u00edc\u00edch se v bl\u00edzkosti <span class=\"font azzurro\">l\u00e1ze\u0148sk\u00fdch center<\/span> <\/small><\/p>\n\t\t\t\t\t<\/div>\n\t\t\t\t<\/a>\n\n\t\t\t<\/div>\n\t\t\t\t\t<div class=\"kc-col one-third\">\n\t\t\t\t\n\t\t\t\t<a href=\"https:\/\/www.campeggi.com\/cs\/nase-nabidky\/dovolena-glamping-366b\"\n\t\t\t\ttitle=\"Dovolen\u00e1 Glamping\"\n\t\t\t\tclass=\"kc-card kc-card--vertical\" >\n\t\t\t\t\t<div class=\"kc-img-container\">\n\t\t\t\t\t\t<img class=\"kc-img-cover\"\n\t\t\t\t\t\tsrc=\"https:\/\/images.campeggi.com\/TlMJVgzbiGMgVzhteKRF5VT1bN0=\/fit-in\/600x0\/ntc.crweb.it\/dataManager\/public\/searches\/1438864835731.jpg\"\n\t\t\t\t\t\talt=\"Dovolen\u00e1 Glamping\" \/>\n\t\t\t\t\t<\/div>\n\n\t\t\t\t\t<div class=\"kc-card-body-content\">\n\t\t\t\t\t\t<!-- <div class=\"kc-upper-title\"> <span class=\"r1\">TOP<\/span> <span class=\"r2\">20<\/span> <span class=\"r3\">STRUKTUREN<\/span> <\/div> -->\n\t\t\t\t\t\t<h4 class=\"kc-card-title\"> Dovolen\u00e1 Glamping <\/h4>\n\t\t\t\t\t\t<p><small> V t\u00e9to sekci najdete v\u00fdber tech nejlep\u0161\u00edch zar\u00edzen\u00ed, kter\u00e9 jsou <span class=\"font azzurro\">Glamping<\/span>! <\/small><\/p>\n\t\t\t\t\t<\/div>\n\t\t\t\t<\/a>\n\n\t\t\t<\/div>\n\t\t\t\t\t<div class=\"kc-col one-third\">\n\t\t\t\t\n\t\t\t\t<a href=\"https:\/\/www.campeggi.com\/cs\/nase-nabidky\/kempy-a-prazdninove-vesnicky-s-videem-360-31356b\"\n\t\t\t\ttitle=\"Kempy a pr\u00e1zdninov\u00e9 vesni\u010dky s Videem 360\"\n\t\t\t\tclass=\"kc-card kc-card--vertical\" >\n\t\t\t\t\t<div class=\"kc-img-container\">\n\t\t\t\t\t\t<img class=\"kc-img-cover\"\n\t\t\t\t\t\tsrc=\"https:\/\/images.campeggi.com\/RYzbZ1ZmSYPcmY-tJD0ZGiyVJd8=\/fit-in\/600x0\/ntc.crweb.it\/dataManager\/public\/searches\/552_1511532029949.jpg\"\n\t\t\t\t\t\talt=\"Kempy a pr\u00e1zdninov\u00e9 vesni\u010dky s Videem 360\" \/>\n\t\t\t\t\t<\/div>\n\n\t\t\t\t\t<div class=\"kc-card-body-content\">\n\t\t\t\t\t\t<!-- <div class=\"kc-upper-title\"> <span class=\"r1\">TOP<\/span> <span class=\"r2\">10<\/span> <span class=\"r3\">STRUKTUREN<\/span> <\/div> -->\n\t\t\t\t\t\t<h4 class=\"kc-card-title\"> Kempy a pr\u00e1zdninov\u00e9 vesni\u010dky s Videem 360 <\/h4>\n\t\t\t\t\t\t<p><small> V t\u00e9to sekci naleznete v\u00fdb\u011br toho nejlep\u0161\u00edho <span class=\"font azzurro\">Videem 360<\/span>! <\/small><\/p>\n\t\t\t\t\t<\/div>\n\t\t\t\t<\/a>\n\n\t\t\t<\/div>\n\t\t\t\t\t<div class=\"kc-col one-third\">\n\t\t\t\t\n\t\t\t\t<a href=\"https:\/\/www.campeggi.com\/cs\/nase-nabidky\/kempy-pro-sportovni-dovolenou-32306b\"\n\t\t\t\ttitle=\"Kempy pro sportovn\u00ed dovolenou\"\n\t\t\t\tclass=\"kc-card kc-card--vertical\" >\n\t\t\t\t\t<div class=\"kc-img-container\">\n\t\t\t\t\t\t<img class=\"kc-img-cover\"\n\t\t\t\t\t\tsrc=\"https:\/\/images.campeggi.com\/k6U9FD5u9b9NLndOjJA36mm96Ok=\/fit-in\/600x0\/ntc.crweb.it\/dataManager\/public\/searches\/552_1525350428262.jpg\"\n\t\t\t\t\t\talt=\"Kempy pro sportovn\u00ed dovolenou\" \/>\n\t\t\t\t\t<\/div>\n\n\t\t\t\t\t<div class=\"kc-card-body-content\">\n\t\t\t\t\t\t<!-- <div class=\"kc-upper-title\"> <span class=\"r1\">TOP<\/span> <span class=\"r2\">15<\/span> <span class=\"r3\">STRUKTUREN<\/span> <\/div> -->\n\t\t\t\t\t\t<h4 class=\"kc-card-title\"> Kempy pro sportovn\u00ed dovolenou <\/h4>\n\t\t\t\t\t\t<p><small> V t\u00e9to sekci najdete v\u00fdber tech nejlep\u0161\u00edch zar\u00edzen\u00ed v pro <span class=\"font azzurro\">Sporty<\/span> <\/small><\/p>\n\t\t\t\t\t<\/div>\n\t\t\t\t<\/a>\n\n\t\t\t<\/div>\n\t\t\t\t\t<div class=\"kc-col one-third\">\n\t\t\t\t\n\t\t\t\t<a href=\"https:\/\/www.campeggi.com\/cs\/nase-nabidky\/kempy-pro-diving-31396b\"\n\t\t\t\ttitle=\"Kempy pro Diving\"\n\t\t\t\tclass=\"kc-card kc-card--vertical\" >\n\t\t\t\t\t<div class=\"kc-img-container\">\n\t\t\t\t\t\t<img class=\"kc-img-cover\"\n\t\t\t\t\t\tsrc=\"https:\/\/images.campeggi.com\/gp4JyG2AUYkUjex0XKFAAqzfB4w=\/fit-in\/600x0\/ntc.crweb.it\/dataManager\/public\/searches\/552_1523450697972.jpg\"\n\t\t\t\t\t\talt=\"Kempy pro Diving\" \/>\n\t\t\t\t\t<\/div>\n\n\t\t\t\t\t<div class=\"kc-card-body-content\">\n\t\t\t\t\t\t<!-- <div class=\"kc-upper-title\"> <span class=\"r1\">TOP<\/span><span class=\"r2\">30<\/span><span class=\"r3\">STRUKTUREN<\/span> <\/div> -->\n\t\t\t\t\t\t<h4 class=\"kc-card-title\"> Kempy pro Diving <\/h4>\n\t\t\t\t\t\t<p><small> V t\u00e9to sekci najdete v\u00fdber tech nejlep\u0161\u00edch zar\u00edzen\u00ed v pro <span class=\"font azzurro\">Diving<\/span> <\/small><\/p>\n\t\t\t\t\t<\/div>\n\t\t\t\t<\/a>\n\n\t\t\t<\/div>\n\t\t\t\t\t<div class=\"kc-col one-third\">\n\t\t\t\t\n\t\t\t\t<a href=\"https:\/\/www.campeggi.com\/cs\/nase-nabidky\/camping-parky-s-bazeny-386b\"\n\t\t\t\ttitle=\"Camping parky s Baz\u00e9ny\"\n\t\t\t\tclass=\"kc-card kc-card--vertical\" >\n\t\t\t\t\t<div class=\"kc-img-container\">\n\t\t\t\t\t\t<img class=\"kc-img-cover\"\n\t\t\t\t\t\tsrc=\"https:\/\/images.campeggi.com\/l-r8muwdh7GTJ7BFH4swplPD1EA=\/fit-in\/600x0\/ntc.crweb.it\/dataManager\/public\/searches\/1438864594862.jpg\"\n\t\t\t\t\t\talt=\"Camping parky s Baz\u00e9ny\" \/>\n\t\t\t\t\t<\/div>\n\n\t\t\t\t\t<div class=\"kc-card-body-content\">\n\t\t\t\t\t\t<!-- <div class=\"kc-upper-title\"> <span class=\"r1\">TOP<\/span> <span class=\"r2\">20<\/span> <span class=\"r3\">STRUKTUREN<\/span> <\/div> -->\n\t\t\t\t\t\t<h4 class=\"kc-card-title\"> Camping parky s Baz\u00e9ny <\/h4>\n\t\t\t\t\t\t<p><small> V t\u00e9to sekci naleznete v\u00fdb\u011br ubytov\u00e1n\u00ed s nejlep\u0161\u00edmi <span class=\"font azzurro\">Vodn\u00ed Parky\/span>! <\/small><\/p>\n\t\t\t\t\t<\/div>\n\t\t\t\t<\/a>\n\n\t\t\t<\/div>\n\t\t\t\t\t<div class=\"kc-col one-third\">\n\t\t\t\t\n\t\t\t\t<a href=\"https:\/\/www.campeggi.com\/cs\/nase-nabidky\/u-mirabilandia-356b\"\n\t\t\t\ttitle=\"U Mirabilandia\"\n\t\t\t\tclass=\"kc-card kc-card--vertical\" >\n\t\t\t\t\t<div class=\"kc-img-container\">\n\t\t\t\t\t\t<img class=\"kc-img-cover\"\n\t\t\t\t\t\tsrc=\"https:\/\/images.campeggi.com\/Z6c8roT5PwLGvue4U8y9qNDHxeg=\/fit-in\/600x0\/ntc.crweb.it\/dataManager\/public\/searches\/1438864735544.jpg\"\n\t\t\t\t\t\talt=\"U Mirabilandia\" \/>\n\t\t\t\t\t<\/div>\n\n\t\t\t\t\t<div class=\"kc-card-body-content\">\n\t\t\t\t\t\t<!-- <div class=\"kc-upper-title\"> <span class=\"r1\">TOP<\/span> <span class=\"r2\">20<\/span> <span class=\"r3\">STRUKTUREN<\/span> <\/div> -->\n\t\t\t\t\t\t<h4 class=\"kc-card-title\"> U Mirabilandia <\/h4>\n\t\t\t\t\t\t<p><small> V t\u00e9to sekci najdete v\u00fdb\u011br t\u011bch nejlep\u0161\u00edch za\u0159\u00edzen\u00ed v bl\u00edzkosti z\u00e1bavn\u00edho parku <span class=\"font azzurro\">Mirabilandia<\/span> <\/small><\/p>\n\t\t\t\t\t<\/div>\n\t\t\t\t<\/a>\n\n\t\t\t<\/div>\n\t\t\n\t<\/div>\n<\/div>\n\n<\/section>\n\n","protected":false},"excerpt":{"rendered":"","protected":false},"author":2,"featured_media":0,"parent":0,"menu_order":0,"comment_status":"closed","ping_status":"closed","template":"","meta":{"footnotes":""},"class_list":["post-132","page","type-page","status-publish","hentry"],"translation":{"provider":"WPGlobus","version":"3.0.2","language":"cs","enabled_languages":["it","en","de","nl","fr","da","es","pl","cs"],"languages":{"it":{"title":true,"content":true,"excerpt":false},"en":{"title":false,"content":false,"excerpt":false},"de":{"title":false,"content":false,"excerpt":false},"nl":{"title":false,"content":false,"excerpt":false},"fr":{"title":false,"content":false,"excerpt":false},"da":{"title":false,"content":false,"excerpt":false},"es":{"title":false,"content":false,"excerpt":false},"pl":{"title":false,"content":false,"excerpt":false},"cs":{"title":false,"content":false,"excerpt":false}}},"_links":{"self":[{"href":"https:\/\/www.campeggi.com\/cs\/wp-json\/wp\/v2\/pages\/132","targetHints":{"allow":["GET"]}}],"collection":[{"href":"https:\/\/www.campeggi.com\/cs\/wp-json\/wp\/v2\/pages"}],"about":[{"href":"https:\/\/www.campeggi.com\/cs\/wp-json\/wp\/v2\/types\/page"}],"author":[{"embeddable":true,"href":"https:\/\/www.campeggi.com\/cs\/wp-json\/wp\/v2\/users\/2"}],"replies":[{"embeddable":true,"href":"https:\/\/www.campeggi.com\/cs\/wp-json\/wp\/v2\/comments?post=132"}],"version-history":[{"count":2,"href":"https:\/\/www.campeggi.com\/cs\/wp-json\/wp\/v2\/pages\/132\/revisions"}],"predecessor-version":[{"id":159,"href":"https:\/\/www.campeggi.com\/cs\/wp-json\/wp\/v2\/pages\/132\/revisions\/159"}],"wp:attachment":[{"href":"https:\/\/www.campeggi.com\/cs\/wp-json\/wp\/v2\/media?parent=132"}],"curies":[{"name":"wp","href":"https:\/\/api.w.org\/{rel}","templated":true}]}}